{"id":73,"date":"2023-06-06T12:47:36","date_gmt":"2023-06-06T10:47:36","guid":{"rendered":"https:\/\/imbstudent.donau-uni.ac.at\/omm17gr3\/?page_id=73"},"modified":"2023-07-08T11:16:00","modified_gmt":"2023-07-08T09:16:00","slug":"team","status":"publish","type":"page","link":"https:\/\/imbstudent.donau-uni.ac.at\/ki-marketing\/team\/","title":{"rendered":"Team"},"content":{"rendered":"\n<div class=\"wp-block-columns is-layout-flex wp-container-core-columns-is-layout-9d6595d7 wp-block-columns-is-layout-flex\">\n<div class=\"wp-block-column is-layout-flow wp-block-column-is-layout-flow\">\n<h3 class=\"wp-block-heading has-text-align-center\">Mission Statement<\/h3>\n\n\n\n<blockquote class=\"wp-block-quote is-layout-flow wp-block-quote-is-layout-flow\">\n<p>Unser Streben ist es, die Synergien zwischen K\u00fcnstlicher Intelligenz und Online Media Marketing zu untersuchen. Als Pionier*innen dieses Feldes zielen wir darauf ab, die bahnbrechenden Ver\u00e4nderungen zu erforschen, die KI im digitalen Marketing hervorruft. Wir sind entschlossen, eine Plattform f\u00fcr innovative Denkerinnen und kreative Geister zu schaffen, um die Zukunft des Marketings neu zu gestalten.<\/p>\n<\/blockquote>\n<\/div>\n<\/div>\n\n\n\n<div class=\"wp-block-columns is-layout-flex wp-container-core-columns-is-layout-9d6595d7 wp-block-columns-is-layout-flex\">\n<div class=\"wp-block-column is-layout-flow wp-block-column-is-layout-flow\"><div class=\"wp-block-image\">\n<figure class=\"aligncenter size-full\"><img loading=\"lazy\" decoding=\"async\" width=\"500\" height=\"500\" src=\"https:\/\/imbstudent.donau-uni.ac.at\/omm17gr3\/wp-content\/uploads\/2023\/06\/Profile_Bernhard.jpg\" alt=\"Profilbild Bernhard\" class=\"wp-image-115\" srcset=\"https:\/\/imbstudent.donau-uni.ac.at\/ki-marketing\/wp-content\/uploads\/2023\/06\/Profile_Bernhard.jpg 500w, https:\/\/imbstudent.donau-uni.ac.at\/ki-marketing\/wp-content\/uploads\/2023\/06\/Profile_Bernhard-300x300.jpg 300w, https:\/\/imbstudent.donau-uni.ac.at\/ki-marketing\/wp-content\/uploads\/2023\/06\/Profile_Bernhard-150x150.jpg 150w\" sizes=\"auto, (max-width: 500px) 100vw, 500px\" \/><\/figure>\n<\/div>\n\n\n<div style=\"height:30px\" aria-hidden=\"true\" class=\"wp-block-spacer\"><\/div>\n\n\n\n<p class=\"has-text-align-center\"><strong>Bernhard<\/strong><\/p>\n\n\n\n<p>Bernhard ist ein erfahrener AI-Stratege und versierter Content-Experte mit einem starken Fokus auf die Integration von k\u00fcnstlicher Intelligenz in das Online-Marketing. Mit seiner tiefgreifenden Kenntnis der AI-Technologien und seiner Leidenschaft f\u00fcr kreativen Content liefert er innovative Ans\u00e4tze und praxisnahe Strategien, um Unternehmen dabei zu unterst\u00fctzen, ihre digitale Pr\u00e4senz zu st\u00e4rken und ihre Zielgruppe effektiv anzusprechen.<\/p>\n<\/div>\n\n\n\n<div class=\"wp-block-column is-layout-flow wp-block-column-is-layout-flow\"><div class=\"wp-block-image\">\n<figure class=\"aligncenter size-full\"><img loading=\"lazy\" decoding=\"async\" width=\"500\" height=\"500\" src=\"https:\/\/imbstudent.donau-uni.ac.at\/omm17gr3\/wp-content\/uploads\/2023\/06\/Profile_Katharina.jpg\" alt=\"Profilbild Katharina\" class=\"wp-image-113\" srcset=\"https:\/\/imbstudent.donau-uni.ac.at\/ki-marketing\/wp-content\/uploads\/2023\/06\/Profile_Katharina.jpg 500w, https:\/\/imbstudent.donau-uni.ac.at\/ki-marketing\/wp-content\/uploads\/2023\/06\/Profile_Katharina-300x300.jpg 300w, https:\/\/imbstudent.donau-uni.ac.at\/ki-marketing\/wp-content\/uploads\/2023\/06\/Profile_Katharina-150x150.jpg 150w\" sizes=\"auto, (max-width: 500px) 100vw, 500px\" \/><\/figure>\n<\/div>\n\n\n<div style=\"height:30px\" aria-hidden=\"true\" class=\"wp-block-spacer\"><\/div>\n\n\n\n<p class=\"has-text-align-center\"><strong>Katharina<\/strong><\/p>\n\n\n\n<p>Katharina ist eine erfahrene Marketingexpertin im B2B-Bereich. Sie begeistert sich f\u00fcr die Erstellung zielgruppenorientierten Contents und findet es spannend, strategische Kampagnen zu entwickeln. Die \u00dcberpr\u00fcfung des Erfolgs ist f\u00fcr sie nicht nur eine Aufgabe, sondern eine faszinierende Leidenschaft. Mit ihrer Expertise und Leidenschaft bringt sie frischen Wind in das Marketingteam.<\/p>\n<\/div>\n\n\n\n<div class=\"wp-block-column is-layout-flow wp-block-column-is-layout-flow\"><div class=\"wp-block-image\">\n<figure class=\"aligncenter size-full\"><img loading=\"lazy\" decoding=\"async\" width=\"500\" height=\"500\" src=\"https:\/\/imbstudent.donau-uni.ac.at\/omm17gr3\/wp-content\/uploads\/2023\/06\/PProfile_Rebecca.jpg\" alt=\"Profilbild Rebecca\" class=\"wp-image-119\" srcset=\"https:\/\/imbstudent.donau-uni.ac.at\/ki-marketing\/wp-content\/uploads\/2023\/06\/PProfile_Rebecca.jpg 500w, https:\/\/imbstudent.donau-uni.ac.at\/ki-marketing\/wp-content\/uploads\/2023\/06\/PProfile_Rebecca-300x300.jpg 300w, https:\/\/imbstudent.donau-uni.ac.at\/ki-marketing\/wp-content\/uploads\/2023\/06\/PProfile_Rebecca-150x150.jpg 150w\" sizes=\"auto, (max-width: 500px) 100vw, 500px\" \/><\/figure>\n<\/div>\n\n\n<div style=\"height:30px\" aria-hidden=\"true\" class=\"wp-block-spacer\"><\/div>\n\n\n\n<p class=\"has-text-align-center\"><strong>Rebecca<\/strong><\/p>\n\n\n\n<p>Rebecca ist eine talentierte Marketerin mit Leidenschaft f\u00fcr Texte und SEO. Sie kreiert fesselnde Inhalte, die sowohl Nutzer als auch Suchmaschinen ansprechen. Mit ihrer Vielseitigkeit, analytischen Denkweise und ihrem Teamgeist ist sie eine wertvolle Ressource f\u00fcr jedes Unternehmen, das qualitativ hochwertige Inhalte und eine starke Online-Pr\u00e4senz sucht.<\/p>\n<\/div>\n<\/div>\n","protected":false},"excerpt":{"rendered":"<p>Mission Statement Unser Streben ist es, die Synergien zwischen K\u00fcnstlicher Intelligenz und Online Media Marketing zu untersuchen. Als Pionier*innen dieses Feldes zielen wir darauf ab, die bahnbrechenden Ver\u00e4nderungen zu erforschen, die KI im digitalen Marketing hervorruft. Wir sind entschlossen, eine Plattform f\u00fcr innovative Denkerinnen und kreative Geister zu schaffen, um [&hellip;]<\/p>\n","protected":false},"author":4,"featured_media":0,"parent":0,"menu_order":0,"comment_status":"closed","ping_status":"closed","template":"","meta":{"_themeisle_gutenberg_block_has_review":false,"footnotes":""},"class_list":["post-73","page","type-page","status-publish","hentry"],"yoast_head":"<!-- This site is optimized with the Yoast SEO plugin v22.4 - https:\/\/yoast.com\/wordpress\/plugins\/seo\/ -->\n<title>Team - Pioneering AI Marketing<\/title>\n<meta name=\"robots\" content=\"index, follow, max-snippet:-1, max-image-preview:large, max-video-preview:-1\" \/>\n<link rel=\"canonical\" href=\"https:\/\/imbstudent.donau-uni.ac.at\/ki-marketing\/team\/\" \/>\n<meta property=\"og:locale\" content=\"de_DE\" \/>\n<meta property=\"og:type\" content=\"article\" \/>\n<meta property=\"og:title\" content=\"Team - Pioneering AI Marketing\" \/>\n<meta property=\"og:description\" content=\"Mission Statement Unser Streben ist es, die Synergien zwischen K\u00fcnstlicher Intelligenz und Online Media Marketing zu untersuchen. Als Pionier*innen dieses Feldes zielen wir darauf ab, die bahnbrechenden Ver\u00e4nderungen zu erforschen, die KI im digitalen Marketing hervorruft. Wir sind entschlossen, eine Plattform f\u00fcr innovative Denkerinnen und kreative Geister zu schaffen, um [&hellip;]\" \/>\n<meta property=\"og:url\" content=\"https:\/\/imbstudent.donau-uni.ac.at\/ki-marketing\/team\/\" \/>\n<meta property=\"og:site_name\" content=\"Pioneering AI Marketing\" \/>\n<meta property=\"article:modified_time\" content=\"2023-07-08T09:16:00+00:00\" \/>\n<meta property=\"og:image\" content=\"https:\/\/imbstudent.donau-uni.ac.at\/omm17gr3\/wp-content\/uploads\/2023\/06\/Profile_Bernhard.jpg\" \/>\n<meta name=\"twitter:card\" content=\"summary_large_image\" \/>\n<meta name=\"twitter:label1\" content=\"Gesch\u00e4tzte Lesezeit\" \/>\n\t<meta name=\"twitter:data1\" content=\"2 Minuten\" \/>\n<script type=\"application\/ld+json\" class=\"yoast-schema-graph\">{\"@context\":\"https:\/\/schema.org\",\"@graph\":[{\"@type\":\"WebPage\",\"@id\":\"https:\/\/imbstudent.donau-uni.ac.at\/ki-marketing\/team\/\",\"url\":\"https:\/\/imbstudent.donau-uni.ac.at\/ki-marketing\/team\/\",\"name\":\"Team - Pioneering AI Marketing\",\"isPartOf\":{\"@id\":\"https:\/\/imbstudent.donau-uni.ac.at\/ki-marketing\/#website\"},\"primaryImageOfPage\":{\"@id\":\"https:\/\/imbstudent.donau-uni.ac.at\/ki-marketing\/team\/#primaryimage\"},\"image\":{\"@id\":\"https:\/\/imbstudent.donau-uni.ac.at\/ki-marketing\/team\/#primaryimage\"},\"thumbnailUrl\":\"https:\/\/imbstudent.donau-uni.ac.at\/omm17gr3\/wp-content\/uploads\/2023\/06\/Profile_Bernhard.jpg\",\"datePublished\":\"2023-06-06T10:47:36+00:00\",\"dateModified\":\"2023-07-08T09:16:00+00:00\",\"breadcrumb\":{\"@id\":\"https:\/\/imbstudent.donau-uni.ac.at\/ki-marketing\/team\/#breadcrumb\"},\"inLanguage\":\"de-AT\",\"potentialAction\":[{\"@type\":\"ReadAction\",\"target\":[\"https:\/\/imbstudent.donau-uni.ac.at\/ki-marketing\/team\/\"]}]},{\"@type\":\"ImageObject\",\"inLanguage\":\"de-AT\",\"@id\":\"https:\/\/imbstudent.donau-uni.ac.at\/ki-marketing\/team\/#primaryimage\",\"url\":\"https:\/\/imbstudent.donau-uni.ac.at\/omm17gr3\/wp-content\/uploads\/2023\/06\/Profile_Bernhard.jpg\",\"contentUrl\":\"https:\/\/imbstudent.donau-uni.ac.at\/omm17gr3\/wp-content\/uploads\/2023\/06\/Profile_Bernhard.jpg\"},{\"@type\":\"BreadcrumbList\",\"@id\":\"https:\/\/imbstudent.donau-uni.ac.at\/ki-marketing\/team\/#breadcrumb\",\"itemListElement\":[{\"@type\":\"ListItem\",\"position\":1,\"name\":\"Startseite\",\"item\":\"https:\/\/imbstudent.donau-uni.ac.at\/ki-marketing\/\"},{\"@type\":\"ListItem\",\"position\":2,\"name\":\"Team\"}]},{\"@type\":\"WebSite\",\"@id\":\"https:\/\/imbstudent.donau-uni.ac.at\/ki-marketing\/#website\",\"url\":\"https:\/\/imbstudent.donau-uni.ac.at\/ki-marketing\/\",\"name\":\"Pioneering AI Marketing\",\"description\":\"Entdecken Sie KI: Marketing neu gedacht\",\"publisher\":{\"@id\":\"https:\/\/imbstudent.donau-uni.ac.at\/ki-marketing\/#organization\"},\"alternateName\":\"KI im Marketing einsetzten\",\"potentialAction\":[{\"@type\":\"SearchAction\",\"target\":{\"@type\":\"EntryPoint\",\"urlTemplate\":\"https:\/\/imbstudent.donau-uni.ac.at\/ki-marketing\/?s={search_term_string}\"},\"query-input\":\"required name=search_term_string\"}],\"inLanguage\":\"de-AT\"},{\"@type\":\"Organization\",\"@id\":\"https:\/\/imbstudent.donau-uni.ac.at\/ki-marketing\/#organization\",\"name\":\"Online Media Marketing Lehrgang Donau Universit\u00e4t Krems-Projektgruppe\",\"alternateName\":\"OMM Uni Krems Projektgruppe\",\"url\":\"https:\/\/imbstudent.donau-uni.ac.at\/ki-marketing\/\",\"logo\":{\"@type\":\"ImageObject\",\"inLanguage\":\"de-AT\",\"@id\":\"https:\/\/imbstudent.donau-uni.ac.at\/ki-marketing\/#\/schema\/logo\/image\/\",\"url\":\"https:\/\/imbstudent.donau-uni.ac.at\/ki-marketing\/wp-content\/uploads\/2023\/07\/cropped-cropped-logo-rund.png\",\"contentUrl\":\"https:\/\/imbstudent.donau-uni.ac.at\/ki-marketing\/wp-content\/uploads\/2023\/07\/cropped-cropped-logo-rund.png\",\"width\":595,\"height\":588,\"caption\":\"Online Media Marketing Lehrgang Donau Universit\u00e4t Krems-Projektgruppe\"},\"image\":{\"@id\":\"https:\/\/imbstudent.donau-uni.ac.at\/ki-marketing\/#\/schema\/logo\/image\/\"},\"sameAs\":[\"https:\/\/www.linkedin.com\/company\/102296880\/admin\/feed\/posts\/?feedType=following\"]}]}<\/script>\n<!-- \/ Yoast SEO plugin. -->","yoast_head_json":{"title":"Team - Pioneering AI Marketing","robots":{"index":"index","follow":"follow","max-snippet":"max-snippet:-1","max-image-preview":"max-image-preview:large","max-video-preview":"max-video-preview:-1"},"canonical":"https:\/\/imbstudent.donau-uni.ac.at\/ki-marketing\/team\/","og_locale":"de_DE","og_type":"article","og_title":"Team - Pioneering AI Marketing","og_description":"Mission Statement Unser Streben ist es, die Synergien zwischen K\u00fcnstlicher Intelligenz und Online Media Marketing zu untersuchen. Als Pionier*innen dieses Feldes zielen wir darauf ab, die bahnbrechenden Ver\u00e4nderungen zu erforschen, die KI im digitalen Marketing hervorruft. Wir sind entschlossen, eine Plattform f\u00fcr innovative Denkerinnen und kreative Geister zu schaffen, um [&hellip;]","og_url":"https:\/\/imbstudent.donau-uni.ac.at\/ki-marketing\/team\/","og_site_name":"Pioneering AI Marketing","article_modified_time":"2023-07-08T09:16:00+00:00","og_image":[{"url":"https:\/\/imbstudent.donau-uni.ac.at\/omm17gr3\/wp-content\/uploads\/2023\/06\/Profile_Bernhard.jpg"}],"twitter_card":"summary_large_image","twitter_misc":{"Gesch\u00e4tzte Lesezeit":"2 Minuten"},"schema":{"@context":"https:\/\/schema.org","@graph":[{"@type":"WebPage","@id":"https:\/\/imbstudent.donau-uni.ac.at\/ki-marketing\/team\/","url":"https:\/\/imbstudent.donau-uni.ac.at\/ki-marketing\/team\/","name":"Team - Pioneering AI Marketing","isPartOf":{"@id":"https:\/\/imbstudent.donau-uni.ac.at\/ki-marketing\/#website"},"primaryImageOfPage":{"@id":"https:\/\/imbstudent.donau-uni.ac.at\/ki-marketing\/team\/#primaryimage"},"image":{"@id":"https:\/\/imbstudent.donau-uni.ac.at\/ki-marketing\/team\/#primaryimage"},"thumbnailUrl":"https:\/\/imbstudent.donau-uni.ac.at\/omm17gr3\/wp-content\/uploads\/2023\/06\/Profile_Bernhard.jpg","datePublished":"2023-06-06T10:47:36+00:00","dateModified":"2023-07-08T09:16:00+00:00","breadcrumb":{"@id":"https:\/\/imbstudent.donau-uni.ac.at\/ki-marketing\/team\/#breadcrumb"},"inLanguage":"de-AT","potentialAction":[{"@type":"ReadAction","target":["https:\/\/imbstudent.donau-uni.ac.at\/ki-marketing\/team\/"]}]},{"@type":"ImageObject","inLanguage":"de-AT","@id":"https:\/\/imbstudent.donau-uni.ac.at\/ki-marketing\/team\/#primaryimage","url":"https:\/\/imbstudent.donau-uni.ac.at\/omm17gr3\/wp-content\/uploads\/2023\/06\/Profile_Bernhard.jpg","contentUrl":"https:\/\/imbstudent.donau-uni.ac.at\/omm17gr3\/wp-content\/uploads\/2023\/06\/Profile_Bernhard.jpg"},{"@type":"BreadcrumbList","@id":"https:\/\/imbstudent.donau-uni.ac.at\/ki-marketing\/team\/#breadcrumb","itemListElement":[{"@type":"ListItem","position":1,"name":"Startseite","item":"https:\/\/imbstudent.donau-uni.ac.at\/ki-marketing\/"},{"@type":"ListItem","position":2,"name":"Team"}]},{"@type":"WebSite","@id":"https:\/\/imbstudent.donau-uni.ac.at\/ki-marketing\/#website","url":"https:\/\/imbstudent.donau-uni.ac.at\/ki-marketing\/","name":"Pioneering AI Marketing","description":"Entdecken Sie KI: Marketing neu gedacht","publisher":{"@id":"https:\/\/imbstudent.donau-uni.ac.at\/ki-marketing\/#organization"},"alternateName":"KI im Marketing einsetzten","potentialAction":[{"@type":"SearchAction","target":{"@type":"EntryPoint","urlTemplate":"https:\/\/imbstudent.donau-uni.ac.at\/ki-marketing\/?s={search_term_string}"},"query-input":"required name=search_term_string"}],"inLanguage":"de-AT"},{"@type":"Organization","@id":"https:\/\/imbstudent.donau-uni.ac.at\/ki-marketing\/#organization","name":"Online Media Marketing Lehrgang Donau Universit\u00e4t Krems-Projektgruppe","alternateName":"OMM Uni Krems Projektgruppe","url":"https:\/\/imbstudent.donau-uni.ac.at\/ki-marketing\/","logo":{"@type":"ImageObject","inLanguage":"de-AT","@id":"https:\/\/imbstudent.donau-uni.ac.at\/ki-marketing\/#\/schema\/logo\/image\/","url":"https:\/\/imbstudent.donau-uni.ac.at\/ki-marketing\/wp-content\/uploads\/2023\/07\/cropped-cropped-logo-rund.png","contentUrl":"https:\/\/imbstudent.donau-uni.ac.at\/ki-marketing\/wp-content\/uploads\/2023\/07\/cropped-cropped-logo-rund.png","width":595,"height":588,"caption":"Online Media Marketing Lehrgang Donau Universit\u00e4t Krems-Projektgruppe"},"image":{"@id":"https:\/\/imbstudent.donau-uni.ac.at\/ki-marketing\/#\/schema\/logo\/image\/"},"sameAs":["https:\/\/www.linkedin.com\/company\/102296880\/admin\/feed\/posts\/?feedType=following"]}]}},"_links":{"self":[{"href":"https:\/\/imbstudent.donau-uni.ac.at\/ki-marketing\/wp-json\/wp\/v2\/pages\/73","targetHints":{"allow":["GET"]}}],"collection":[{"href":"https:\/\/imbstudent.donau-uni.ac.at\/ki-marketing\/wp-json\/wp\/v2\/pages"}],"about":[{"href":"https:\/\/imbstudent.donau-uni.ac.at\/ki-marketing\/wp-json\/wp\/v2\/types\/page"}],"author":[{"embeddable":true,"href":"https:\/\/imbstudent.donau-uni.ac.at\/ki-marketing\/wp-json\/wp\/v2\/users\/4"}],"replies":[{"embeddable":true,"href":"https:\/\/imbstudent.donau-uni.ac.at\/ki-marketing\/wp-json\/wp\/v2\/comments?post=73"}],"version-history":[{"count":11,"href":"https:\/\/imbstudent.donau-uni.ac.at\/ki-marketing\/wp-json\/wp\/v2\/pages\/73\/revisions"}],"predecessor-version":[{"id":192,"href":"https:\/\/imbstudent.donau-uni.ac.at\/ki-marketing\/wp-json\/wp\/v2\/pages\/73\/revisions\/192"}],"wp:attachment":[{"href":"https:\/\/imbstudent.donau-uni.ac.at\/ki-marketing\/wp-json\/wp\/v2\/media?parent=73"}],"curies":[{"name":"wp","href":"https:\/\/api.w.org\/{rel}","templated":true}]}}