{"id":58,"date":"2023-06-03T16:22:23","date_gmt":"2023-06-03T14:22:23","guid":{"rendered":"https:\/\/imbstudent.donau-uni.ac.at\/omm17gr3\/?page_id=58"},"modified":"2024-04-03T21:42:29","modified_gmt":"2024-04-03T19:42:29","slug":"impressum","status":"publish","type":"page","link":"https:\/\/imbstudent.donau-uni.ac.at\/ki-marketing\/impressum\/","title":{"rendered":"Impressum"},"content":{"rendered":"\n<h2 class=\"wp-block-heading\">Medieninhaber<\/h2>\n\n\n\n<p>Der Blog &#8222;Pioneering AI Marketing&#8220; wird im Rahmen des Studiengangs Online Media Marketing an der Donau Uni Krems von Studierenden betrieben. Die Lehrgangsleiterin ist Frau Drs. Nicola Oudejans. Die Inhalte dieses Webseite zum gro\u00dfen Teil mit Tools der k\u00fcnstlichen Intelligenz erstellt.<\/p>\n\n\n\n<p>Das Redaktionsteam des Blogs &#8222;Pioneering AI Marketing&#8220; k\u00f6nnen Sie unter <a href=\"mailto:pioneering.ai.marketing@gmail.com\">pioneering.ai.marketing@gmail.com<\/a> erreichen.<\/p>\n\n\n\n<h2 class=\"wp-block-heading\">Anschrift des Blogs<\/h2>\n\n\n\n<p>Department f\u00fcr Weiterbildungsforschung und Bildungstechnologien an der Universit\u00e4t f\u00fcr Weiterbildung Krems, Dr.-Karl-Dorrek-Stra\u00dfe 30, 3500 Krems, Telefonisch erreichbar unter: +43 2732 893-2361<\/p>\n\n\n\n<h2 class=\"wp-block-heading\">Copyright<\/h2>\n\n\n\n<p>Der Inhalt dieser Website ist urheberrechtlich gesch\u00fctzt. Die Informationen sind nur f\u00fcr die pers\u00f6nliche Verwendung bestimmt. Jede weitergehende Nutzung insbesondere die Speicherung in Datenbanken, Vervielf\u00e4ltigung und jede Form von gewerblicher Nutzung sowie die Weitergabe an Dritte \u2013 auch in Teilen oder in \u00fcberarbeiteter Form \u2013 ohne Zustimmung des Herausgebers ist untersagt.<\/p>\n\n\n\n<h2 class=\"wp-block-heading\">Haftungsausschuss<\/h2>\n\n\n\n<p>Die Inhalte dieser Webseite wurden mit gr\u00f6\u00dftm\u00f6glicher Sorgfalt erstellt und beinhalten k\u00fcnstlich generierte Inhalte. Im Hinblick auf die technischen Eigenschaften der k\u00fcnstlichen Intelliganz kann keine Gew\u00e4hr f\u00fcr die Authentizit\u00e4t, Richtigkeit und Vollst\u00e4ndigkeit der zur Verf\u00fcgung gestellten Informationen \u00fcbernommen werden. Es wird auch keine Gew\u00e4hr f\u00fcr die Verf\u00fcgbarkeit oder den Betrieb der gegenst\u00e4ndlichen Website und ihrer Inhalte \u00fcbernommen. Jede Haftung f\u00fcr unmittelbare, mittelbare oder sonstige Sch\u00e4den, unabh\u00e4ngig von deren Ursachen, die aus der Benutzung oder Nichtverf\u00fcgbarkeit der Daten und Informationen dieser Website erwachsen, wird, soweit rechtlich zul\u00e4ssig, ausgeschlossen.<\/p>\n\n\n\n<p>Diese Webseite enth\u00e4lt Links zu externen Websites. Auf den Inhalt dieser externen Webseiten haben wir keinerlei Einfluss. Deshalb k\u00f6nnen wir f\u00fcr diese fremden Inhalte auch keine Gew\u00e4hr \u00fcbernehmen. F\u00fcr die Inhalte der verlinkten Seiten ist stets der jeweilige Anbieter oder Betreiber der Seiten verantwortlich. Die verlinkten Seiten wurden zum Zeitpunkt der Verlinkung auf m\u00f6gliche Rechtsverst\u00f6\u00dfe \u00fcberpr\u00fcft. Rechtswidrige Inhalte waren zum Zeitpunkt der Verlinkung nicht erkennbar. Eine permanente inhaltliche Kontrolle der verlinkten Seiten ist jedoch ohne konkrete Anhaltspunkte einer Rechtsverletzung nicht zumutbar. Bei Bekanntwerden von Rechtsverletzungen werden wir derartige Links umgehend entfernen.<\/p>\n\n\n\n<h2 class=\"wp-block-heading\">Anmerkung<\/h2>\n\n\n\n<p>Aus Gr\u00fcnden der besseren Lesbarkeit sind s\u00e4mtliche geschlechtsspezifische Ausdr\u00fccke in diesem Blog, sofern dies sprachlich in Betracht kommt, ebenfalls in den jeweils anderen Formen (m\/w\/d) zu verstehen.<\/p>\n","protected":false},"excerpt":{"rendered":"<p>Medieninhaber Der Blog &#8222;Pioneering AI Marketing&#8220; wird im Rahmen des Studiengangs Online Media Marketing an der Donau Uni Krems von Studierenden betrieben. Die Lehrgangsleiterin ist Frau Drs. Nicola Oudejans. Die Inhalte dieses Webseite zum gro\u00dfen Teil mit Tools der k\u00fcnstlichen Intelligenz erstellt. Das Redaktionsteam des Blogs &#8222;Pioneering AI Marketing&#8220; k\u00f6nnen [&hellip;]<\/p>\n","protected":false},"author":4,"featured_media":0,"parent":0,"menu_order":0,"comment_status":"closed","ping_status":"closed","template":"","meta":{"_themeisle_gutenberg_block_has_review":false,"footnotes":""},"class_list":["post-58","page","type-page","status-publish","hentry"],"yoast_head":"<!-- This site is optimized with the Yoast SEO plugin v22.4 - https:\/\/yoast.com\/wordpress\/plugins\/seo\/ -->\n<title>Impressum - Pioneering AI Marketing<\/title>\n<meta name=\"robots\" content=\"index, follow, max-snippet:-1, max-image-preview:large, max-video-preview:-1\" \/>\n<link rel=\"canonical\" href=\"https:\/\/imbstudent.donau-uni.ac.at\/ki-marketing\/impressum\/\" \/>\n<meta property=\"og:locale\" content=\"de_DE\" \/>\n<meta property=\"og:type\" content=\"article\" \/>\n<meta property=\"og:title\" content=\"Impressum - Pioneering AI Marketing\" \/>\n<meta property=\"og:description\" content=\"Medieninhaber Der Blog &#8222;Pioneering AI Marketing&#8220; wird im Rahmen des Studiengangs Online Media Marketing an der Donau Uni Krems von Studierenden betrieben. Die Lehrgangsleiterin ist Frau Drs. Nicola Oudejans. Die Inhalte dieses Webseite zum gro\u00dfen Teil mit Tools der k\u00fcnstlichen Intelligenz erstellt. Das Redaktionsteam des Blogs &#8222;Pioneering AI Marketing&#8220; k\u00f6nnen [&hellip;]\" \/>\n<meta property=\"og:url\" content=\"https:\/\/imbstudent.donau-uni.ac.at\/ki-marketing\/impressum\/\" \/>\n<meta property=\"og:site_name\" content=\"Pioneering AI Marketing\" \/>\n<meta property=\"article:modified_time\" content=\"2024-04-03T19:42:29+00:00\" \/>\n<meta property=\"og:image\" content=\"https:\/\/imbstudent.donau-uni.ac.at\/ki-marketing\/wp-content\/uploads\/2023\/06\/Pioneering_AI_Marketing_Logo_Big.jpg\" \/>\n\t<meta property=\"og:image:width\" content=\"1800\" \/>\n\t<meta property=\"og:image:height\" content=\"1024\" \/>\n\t<meta property=\"og:image:type\" content=\"image\/jpeg\" \/>\n<meta name=\"twitter:card\" content=\"summary_large_image\" \/>\n<meta name=\"twitter:label1\" content=\"Gesch\u00e4tzte Lesezeit\" \/>\n\t<meta name=\"twitter:data1\" content=\"2 Minuten\" \/>\n<script type=\"application\/ld+json\" class=\"yoast-schema-graph\">{\"@context\":\"https:\/\/schema.org\",\"@graph\":[{\"@type\":\"WebPage\",\"@id\":\"https:\/\/imbstudent.donau-uni.ac.at\/ki-marketing\/impressum\/\",\"url\":\"https:\/\/imbstudent.donau-uni.ac.at\/ki-marketing\/impressum\/\",\"name\":\"Impressum - Pioneering AI Marketing\",\"isPartOf\":{\"@id\":\"https:\/\/imbstudent.donau-uni.ac.at\/ki-marketing\/#website\"},\"datePublished\":\"2023-06-03T14:22:23+00:00\",\"dateModified\":\"2024-04-03T19:42:29+00:00\",\"breadcrumb\":{\"@id\":\"https:\/\/imbstudent.donau-uni.ac.at\/ki-marketing\/impressum\/#breadcrumb\"},\"inLanguage\":\"de-AT\",\"potentialAction\":[{\"@type\":\"ReadAction\",\"target\":[\"https:\/\/imbstudent.donau-uni.ac.at\/ki-marketing\/impressum\/\"]}]},{\"@type\":\"BreadcrumbList\",\"@id\":\"https:\/\/imbstudent.donau-uni.ac.at\/ki-marketing\/impressum\/#breadcrumb\",\"itemListElement\":[{\"@type\":\"ListItem\",\"position\":1,\"name\":\"Startseite\",\"item\":\"https:\/\/imbstudent.donau-uni.ac.at\/ki-marketing\/\"},{\"@type\":\"ListItem\",\"position\":2,\"name\":\"Impressum\"}]},{\"@type\":\"WebSite\",\"@id\":\"https:\/\/imbstudent.donau-uni.ac.at\/ki-marketing\/#website\",\"url\":\"https:\/\/imbstudent.donau-uni.ac.at\/ki-marketing\/\",\"name\":\"Pioneering AI Marketing\",\"description\":\"Entdecken Sie KI: Marketing neu gedacht\",\"publisher\":{\"@id\":\"https:\/\/imbstudent.donau-uni.ac.at\/ki-marketing\/#organization\"},\"alternateName\":\"KI im Marketing einsetzten\",\"potentialAction\":[{\"@type\":\"SearchAction\",\"target\":{\"@type\":\"EntryPoint\",\"urlTemplate\":\"https:\/\/imbstudent.donau-uni.ac.at\/ki-marketing\/?s={search_term_string}\"},\"query-input\":\"required name=search_term_string\"}],\"inLanguage\":\"de-AT\"},{\"@type\":\"Organization\",\"@id\":\"https:\/\/imbstudent.donau-uni.ac.at\/ki-marketing\/#organization\",\"name\":\"Online Media Marketing Lehrgang Donau Universit\u00e4t Krems-Projektgruppe\",\"alternateName\":\"OMM Uni Krems Projektgruppe\",\"url\":\"https:\/\/imbstudent.donau-uni.ac.at\/ki-marketing\/\",\"logo\":{\"@type\":\"ImageObject\",\"inLanguage\":\"de-AT\",\"@id\":\"https:\/\/imbstudent.donau-uni.ac.at\/ki-marketing\/#\/schema\/logo\/image\/\",\"url\":\"https:\/\/imbstudent.donau-uni.ac.at\/ki-marketing\/wp-content\/uploads\/2023\/07\/cropped-cropped-logo-rund.png\",\"contentUrl\":\"https:\/\/imbstudent.donau-uni.ac.at\/ki-marketing\/wp-content\/uploads\/2023\/07\/cropped-cropped-logo-rund.png\",\"width\":595,\"height\":588,\"caption\":\"Online Media Marketing Lehrgang Donau Universit\u00e4t Krems-Projektgruppe\"},\"image\":{\"@id\":\"https:\/\/imbstudent.donau-uni.ac.at\/ki-marketing\/#\/schema\/logo\/image\/\"},\"sameAs\":[\"https:\/\/www.linkedin.com\/company\/102296880\/admin\/feed\/posts\/?feedType=following\"]}]}<\/script>\n<!-- \/ Yoast SEO plugin. -->","yoast_head_json":{"title":"Impressum - Pioneering AI Marketing","robots":{"index":"index","follow":"follow","max-snippet":"max-snippet:-1","max-image-preview":"max-image-preview:large","max-video-preview":"max-video-preview:-1"},"canonical":"https:\/\/imbstudent.donau-uni.ac.at\/ki-marketing\/impressum\/","og_locale":"de_DE","og_type":"article","og_title":"Impressum - Pioneering AI Marketing","og_description":"Medieninhaber Der Blog &#8222;Pioneering AI Marketing&#8220; wird im Rahmen des Studiengangs Online Media Marketing an der Donau Uni Krems von Studierenden betrieben. Die Lehrgangsleiterin ist Frau Drs. Nicola Oudejans. Die Inhalte dieses Webseite zum gro\u00dfen Teil mit Tools der k\u00fcnstlichen Intelligenz erstellt. Das Redaktionsteam des Blogs &#8222;Pioneering AI Marketing&#8220; k\u00f6nnen [&hellip;]","og_url":"https:\/\/imbstudent.donau-uni.ac.at\/ki-marketing\/impressum\/","og_site_name":"Pioneering AI Marketing","article_modified_time":"2024-04-03T19:42:29+00:00","og_image":[{"width":1800,"height":1024,"url":"https:\/\/imbstudent.donau-uni.ac.at\/ki-marketing\/wp-content\/uploads\/2023\/06\/Pioneering_AI_Marketing_Logo_Big.jpg","type":"image\/jpeg"}],"twitter_card":"summary_large_image","twitter_misc":{"Gesch\u00e4tzte Lesezeit":"2 Minuten"},"schema":{"@context":"https:\/\/schema.org","@graph":[{"@type":"WebPage","@id":"https:\/\/imbstudent.donau-uni.ac.at\/ki-marketing\/impressum\/","url":"https:\/\/imbstudent.donau-uni.ac.at\/ki-marketing\/impressum\/","name":"Impressum - Pioneering AI Marketing","isPartOf":{"@id":"https:\/\/imbstudent.donau-uni.ac.at\/ki-marketing\/#website"},"datePublished":"2023-06-03T14:22:23+00:00","dateModified":"2024-04-03T19:42:29+00:00","breadcrumb":{"@id":"https:\/\/imbstudent.donau-uni.ac.at\/ki-marketing\/impressum\/#breadcrumb"},"inLanguage":"de-AT","potentialAction":[{"@type":"ReadAction","target":["https:\/\/imbstudent.donau-uni.ac.at\/ki-marketing\/impressum\/"]}]},{"@type":"BreadcrumbList","@id":"https:\/\/imbstudent.donau-uni.ac.at\/ki-marketing\/impressum\/#breadcrumb","itemListElement":[{"@type":"ListItem","position":1,"name":"Startseite","item":"https:\/\/imbstudent.donau-uni.ac.at\/ki-marketing\/"},{"@type":"ListItem","position":2,"name":"Impressum"}]},{"@type":"WebSite","@id":"https:\/\/imbstudent.donau-uni.ac.at\/ki-marketing\/#website","url":"https:\/\/imbstudent.donau-uni.ac.at\/ki-marketing\/","name":"Pioneering AI Marketing","description":"Entdecken Sie KI: Marketing neu gedacht","publisher":{"@id":"https:\/\/imbstudent.donau-uni.ac.at\/ki-marketing\/#organization"},"alternateName":"KI im Marketing einsetzten","potentialAction":[{"@type":"SearchAction","target":{"@type":"EntryPoint","urlTemplate":"https:\/\/imbstudent.donau-uni.ac.at\/ki-marketing\/?s={search_term_string}"},"query-input":"required name=search_term_string"}],"inLanguage":"de-AT"},{"@type":"Organization","@id":"https:\/\/imbstudent.donau-uni.ac.at\/ki-marketing\/#organization","name":"Online Media Marketing Lehrgang Donau Universit\u00e4t Krems-Projektgruppe","alternateName":"OMM Uni Krems Projektgruppe","url":"https:\/\/imbstudent.donau-uni.ac.at\/ki-marketing\/","logo":{"@type":"ImageObject","inLanguage":"de-AT","@id":"https:\/\/imbstudent.donau-uni.ac.at\/ki-marketing\/#\/schema\/logo\/image\/","url":"https:\/\/imbstudent.donau-uni.ac.at\/ki-marketing\/wp-content\/uploads\/2023\/07\/cropped-cropped-logo-rund.png","contentUrl":"https:\/\/imbstudent.donau-uni.ac.at\/ki-marketing\/wp-content\/uploads\/2023\/07\/cropped-cropped-logo-rund.png","width":595,"height":588,"caption":"Online Media Marketing Lehrgang Donau Universit\u00e4t Krems-Projektgruppe"},"image":{"@id":"https:\/\/imbstudent.donau-uni.ac.at\/ki-marketing\/#\/schema\/logo\/image\/"},"sameAs":["https:\/\/www.linkedin.com\/company\/102296880\/admin\/feed\/posts\/?feedType=following"]}]}},"_links":{"self":[{"href":"https:\/\/imbstudent.donau-uni.ac.at\/ki-marketing\/wp-json\/wp\/v2\/pages\/58","targetHints":{"allow":["GET"]}}],"collection":[{"href":"https:\/\/imbstudent.donau-uni.ac.at\/ki-marketing\/wp-json\/wp\/v2\/pages"}],"about":[{"href":"https:\/\/imbstudent.donau-uni.ac.at\/ki-marketing\/wp-json\/wp\/v2\/types\/page"}],"author":[{"embeddable":true,"href":"https:\/\/imbstudent.donau-uni.ac.at\/ki-marketing\/wp-json\/wp\/v2\/users\/4"}],"replies":[{"embeddable":true,"href":"https:\/\/imbstudent.donau-uni.ac.at\/ki-marketing\/wp-json\/wp\/v2\/comments?post=58"}],"version-history":[{"count":5,"href":"https:\/\/imbstudent.donau-uni.ac.at\/ki-marketing\/wp-json\/wp\/v2\/pages\/58\/revisions"}],"predecessor-version":[{"id":573,"href":"https:\/\/imbstudent.donau-uni.ac.at\/ki-marketing\/wp-json\/wp\/v2\/pages\/58\/revisions\/573"}],"wp:attachment":[{"href":"https:\/\/imbstudent.donau-uni.ac.at\/ki-marketing\/wp-json\/wp\/v2\/media?parent=58"}],"curies":[{"name":"wp","href":"https:\/\/api.w.org\/{rel}","templated":true}]}}