{"id":431,"date":"2023-11-02T17:06:07","date_gmt":"2023-11-02T16:06:07","guid":{"rendered":"https:\/\/imbstudent.donau-uni.ac.at\/aiboom\/?page_id=431"},"modified":"2024-03-03T09:33:03","modified_gmt":"2024-03-03T08:33:03","slug":"partnerschaften-zu-einem-globalen-netzwerk","status":"publish","type":"page","link":"https:\/\/imbstudent.donau-uni.ac.at\/aiboom\/partnerschaften-zu-einem-globalen-netzwerk\/","title":{"rendered":"Partnerschaft"},"content":{"rendered":"\n<div class=\"wp-block-group alignwide has-global-padding is-layout-constrained wp-container-core-group-is-layout-96d67a94 wp-block-group-is-layout-constrained\" style=\"margin-top:0;margin-bottom:0;padding-top:160px;padding-bottom:var(--wp--preset--spacing--70)\">\n<div class=\"wp-block-columns alignwide is-layout-flex wp-container-core-columns-is-layout-28f84493 wp-block-columns-is-layout-flex\">\n<div class=\"wp-block-column is-layout-flow wp-block-column-is-layout-flow\">\n<h5 class=\"wp-block-heading lemmony-animation lemmonyFadeInUp has-small-font-size lemmony-animation\" style=\"font-style:normal;font-weight:600;line-height:1.6;--lemmony-animation-name:lemmonyFadeInUp\">Gemeinsam st\u00e4rker!<\/h5>\n\n\n\n<h2 class=\"wp-block-heading lemmony-animation lemmonyFadeInUp has-large-plus-font-size lemmony-animation\" style=\"margin-top:var(--wp--preset--spacing--10);line-height:1.3;--lemmony-animation-name:lemmonyFadeInUp\">Deine Br\u00fccke zu KI-Netzwerken und Experten.<\/h2>\n<\/div>\n\n\n\n<div class=\"wp-block-column is-layout-flow wp-block-column-is-layout-flow\">\n<div style=\"height:40px\" aria-hidden=\"true\" class=\"wp-block-spacer\"><\/div>\n\n\n\n<div class=\"wp-block-group has-global-padding is-layout-constrained wp-block-group-is-layout-constrained\">\n<p class=\"lemmony-animation lemmonyFadeInUp has-small-plus-font-size lemmony-animation\" style=\"padding-right:var(--wp--preset--spacing--40);padding-left:var(--wp--preset--spacing--40);--lemmony-animation-name:lemmonyFadeInUp;animation-delay:var(--lemmony-delay-xsmall)\"><strong>Unsere Partnerschaften bieten direkten Zugang<\/strong> zu einem globalen Netzwerk aus Fachleuten und Unternehmen.<\/p>\n<\/div>\n<\/div>\n<\/div>\n\n\n\n<div class=\"wp-block-columns alignwide are-vertically-aligned-top is-layout-flex wp-container-core-columns-is-layout-47c06fe3 wp-block-columns-is-layout-flex\">\n<div class=\"wp-block-column is-vertically-aligned-top has-background is-layout-flow wp-container-core-column-is-layout-a7d66048 wp-block-column-is-layout-flow\" style=\"background-color:#e3e3f2;padding-top:var(--wp--preset--spacing--70);padding-right:0;padding-bottom:0;padding-left:0\">\n<div class=\"wp-block-columns is-layout-flex wp-container-core-columns-is-layout-bf26a581 wp-block-columns-is-layout-flex\" style=\"padding-right:var(--wp--preset--spacing--50);padding-left:var(--wp--preset--spacing--50)\">\n<div class=\"wp-block-column is-layout-flow wp-block-column-is-layout-flow\" style=\"flex-basis:5%\"><\/div>\n\n\n\n<div class=\"wp-block-column is-layout-flow wp-block-column-is-layout-flow\" style=\"flex-basis:90%\">\n<h2 class=\"wp-block-heading has-text-align-center\" style=\"margin-top:var(--wp--preset--spacing--10);font-size:clamp(25.984px, 1.624rem + ((1vw - 3.2px) * 1.408), 44px);\"><strong>Exklusives Firmennetzwerk<\/strong><\/h2>\n\n\n\n<p class=\"has-text-align-center has-small-font-size\">Tritt ein in eine Gemeinschaft von f\u00fchrenden Unternehmen, die KI-Technologien anwenden und entwickeln. Als Partner profitierst du von einem exklusiven Netzwerk von Branchenf\u00fchrern, Innovatoren und Entscheidungstr\u00e4gern. Dies \u00f6ffnet T\u00fcren f\u00fcr Kollaborationen, gemeinsame Projekte und den Austausch von Best Practices. Durch regelm\u00e4\u00dfige Networking-Events und Workshops bieten wir eine Plattform, auf der du direkte Kontakte kn\u00fcpfen und strategische Beziehungen aufbauen kannst.<\/p>\n<\/div>\n\n\n\n<div class=\"wp-block-column is-layout-flow wp-block-column-is-layout-flow\" style=\"flex-basis:5%\"><\/div>\n<\/div>\n\n\n\n<div style=\"height:100px\" aria-hidden=\"true\" class=\"wp-block-spacer\"><\/div>\n\n\n\n<figure class=\"wp-block-image size-full\"><img loading=\"lazy\" decoding=\"async\" width=\"1024\" height=\"1024\" src=\"https:\/\/imbstudent.donau-uni.ac.at\/aiboom\/wp-content\/uploads\/2023\/10\/philipppeter_Generate_an_image_illustrating_a_fusion_of_traditi_e3421ba9-bc49-4b45-b939-7a5c01ef8bd4.png\" alt=\"\" class=\"wp-image-385\" srcset=\"https:\/\/imbstudent.donau-uni.ac.at\/aiboom\/wp-content\/uploads\/2023\/10\/philipppeter_Generate_an_image_illustrating_a_fusion_of_traditi_e3421ba9-bc49-4b45-b939-7a5c01ef8bd4.png 1024w, https:\/\/imbstudent.donau-uni.ac.at\/aiboom\/wp-content\/uploads\/2023\/10\/philipppeter_Generate_an_image_illustrating_a_fusion_of_traditi_e3421ba9-bc49-4b45-b939-7a5c01ef8bd4-300x300.png 300w, https:\/\/imbstudent.donau-uni.ac.at\/aiboom\/wp-content\/uploads\/2023\/10\/philipppeter_Generate_an_image_illustrating_a_fusion_of_traditi_e3421ba9-bc49-4b45-b939-7a5c01ef8bd4-150x150.png 150w, https:\/\/imbstudent.donau-uni.ac.at\/aiboom\/wp-content\/uploads\/2023\/10\/philipppeter_Generate_an_image_illustrating_a_fusion_of_traditi_e3421ba9-bc49-4b45-b939-7a5c01ef8bd4-768x768.png 768w\" sizes=\"auto, (max-width: 1024px) 100vw, 1024px\" \/><\/figure>\n<\/div>\n\n\n\n<div class=\"wp-block-column is-vertically-aligned-top has-midground-alt-background-color has-background is-layout-flow wp-container-core-column-is-layout-a7d66048 wp-block-column-is-layout-flow\" style=\"padding-top:var(--wp--preset--spacing--70);padding-right:0;padding-bottom:0;padding-left:0\">\n<div class=\"wp-block-columns is-layout-flex wp-container-core-columns-is-layout-bf26a581 wp-block-columns-is-layout-flex\" style=\"padding-right:var(--wp--preset--spacing--50);padding-left:var(--wp--preset--spacing--50)\">\n<div class=\"wp-block-column is-layout-flow wp-block-column-is-layout-flow\" style=\"flex-basis:5%\"><\/div>\n\n\n\n<div class=\"wp-block-column is-layout-flow wp-block-column-is-layout-flow\" style=\"flex-basis:90%\">\n<h2 class=\"wp-block-heading has-text-align-center\" style=\"margin-top:var(--wp--preset--spacing--10);font-size:clamp(25.984px, 1.624rem + ((1vw - 3.2px) * 1.408), 44px);\"><strong> Zugang zu Entwicklungspartner<\/strong>n<\/h2>\n\n\n\n<p class=\"has-text-align-center has-small-font-size\">Egal, ob du bereits konkrete KI-Projekte im Kopf hast oder gerade erst mit der Planung beginnst &#8211; wir verbinden dich mit den richtigen Entwicklungspartnern. Unsere Partner sind Experten in den neuesten KI-Technologien und -Methoden und bieten ma\u00dfgeschneiderte L\u00f6sungen f\u00fcr jedes Projekt. Mit unserer Vermittlung sicherst du dir den Zugang zu einem Pool von talentierten Entwicklern, Datenwissenschaftlern und KI-Strategen, die bereit sind, deine Vision in die Realit\u00e4t umzusetzen.<\/p>\n<\/div>\n\n\n\n<div class=\"wp-block-column is-layout-flow wp-block-column-is-layout-flow\" style=\"flex-basis:5%\"><\/div>\n<\/div>\n\n\n\n<div style=\"height:100px\" aria-hidden=\"true\" class=\"wp-block-spacer\"><\/div>\n\n\n\n<figure class=\"wp-block-image size-full\"><img loading=\"lazy\" decoding=\"async\" width=\"1024\" height=\"1024\" src=\"https:\/\/imbstudent.donau-uni.ac.at\/aiboom\/wp-content\/uploads\/2023\/10\/Grundlagen-der-Kuenstlichen-Intelligenz.png\" alt=\"\" class=\"wp-image-349\" srcset=\"https:\/\/imbstudent.donau-uni.ac.at\/aiboom\/wp-content\/uploads\/2023\/10\/Grundlagen-der-Kuenstlichen-Intelligenz.png 1024w, https:\/\/imbstudent.donau-uni.ac.at\/aiboom\/wp-content\/uploads\/2023\/10\/Grundlagen-der-Kuenstlichen-Intelligenz-300x300.png 300w, https:\/\/imbstudent.donau-uni.ac.at\/aiboom\/wp-content\/uploads\/2023\/10\/Grundlagen-der-Kuenstlichen-Intelligenz-150x150.png 150w, https:\/\/imbstudent.donau-uni.ac.at\/aiboom\/wp-content\/uploads\/2023\/10\/Grundlagen-der-Kuenstlichen-Intelligenz-768x768.png 768w\" sizes=\"auto, (max-width: 1024px) 100vw, 1024px\" \/><\/figure>\n<\/div>\n<\/div>\n<\/div>\n\n\n\n<div class=\"wp-block-group alignfull has-text-color has-background is-layout-flow wp-block-group-is-layout-flow\" style=\"color:#000000;background-color:#ffffff\">\n<div style=\"height:64px\" aria-hidden=\"true\" class=\"wp-block-spacer\"><\/div>\n\n\n\n<p class=\"has-text-align-center has-small-font-size\" style=\"line-height:.9\"><strong>Sei dabei und forme die KI-Zukunft mit!<\/strong><\/p>\n\n\n\n<h2 class=\"wp-block-heading has-text-align-center\" id=\"schedule-a-visit\" style=\"font-size:clamp(32.969px, 2.061rem + ((1vw - 3.2px) * 2.034), 59px);px;line-height:1.15\"><strong>Starte jetzt eine Partnerschaft<\/strong><\/h2>\n\n\n\n<p class=\"has-text-align-center\">Vernetze dich mit den Besten der Branche.<\/p>\n\n\n\n<div style=\"height:60px\" aria-hidden=\"true\" class=\"wp-block-spacer\"><\/div>\n\n\n\n<div class=\"wp-block-columns is-layout-flex wp-container-core-columns-is-layout-28f84493 wp-block-columns-is-layout-flex\">\n<div class=\"wp-block-column is-layout-flow wp-block-column-is-layout-flow\" style=\"flex-basis:100%\">\n<div class=\"wp-block-columns is-layout-flex wp-container-core-columns-is-layout-28f84493 wp-block-columns-is-layout-flex\">\n<div class=\"wp-block-column is-layout-flow wp-block-column-is-layout-flow\"><\/div>\n\n\n\n<div class=\"wp-block-column is-layout-flow wp-block-column-is-layout-flow\">\n<div class=\"wp-block-buttons is-content-justification-center is-layout-flex wp-container-core-buttons-is-layout-a89b3969 wp-block-buttons-is-layout-flex\">\n<div class=\"wp-block-button\"><a class=\"wp-block-button__link wp-element-button\" href=\"https:\/\/imbstudent.donau-uni.ac.at\/aiboom\/kontakt\/\">Mit einem Experten sprechen<\/a><\/div>\n<\/div>\n<\/div>\n\n\n\n<div class=\"wp-block-column is-layout-flow wp-block-column-is-layout-flow\"><\/div>\n<\/div>\n<\/div>\n<\/div>\n\n\n\n<div style=\"height:64px\" aria-hidden=\"true\" class=\"wp-block-spacer\"><\/div>\n<\/div>\n","protected":false},"excerpt":{"rendered":"<p>Gemeinsam st\u00e4rker! Deine Br\u00fccke zu KI-Netzwerken und Experten. Unsere Partnerschaften bieten direkten Zugang zu einem globalen Netzwerk aus Fachleuten und Unternehmen. Exklusives Firmennetzwerk Tritt ein in eine Gemeinschaft von f\u00fchrenden Unternehmen, die KI-Technologien anwenden und entwickeln. Als Partner profitierst du von einem exklusiven Netzwerk von Branchenf\u00fchrern, Innovatoren und Entscheidungstr\u00e4gern. Dies \u00f6ffnet T\u00fcren f\u00fcr Kollaborationen, gemeinsame [&hellip;]<\/p>\n","protected":false},"author":5,"featured_media":0,"parent":0,"menu_order":0,"comment_status":"closed","ping_status":"closed","template":"","meta":{"footnotes":""},"class_list":["post-431","page","type-page","status-publish","hentry"],"yoast_head":"<!-- This site is optimized with the Yoast SEO plugin v22.4 - https:\/\/yoast.com\/wordpress\/plugins\/seo\/ -->\n<title>Partnerschaft - AI Boom<\/title>\n<meta name=\"description\" content=\"Unsere Partnerschaften bieten direkten Zugang zu einem globalen Netzwerk aus Fachleuten und Unternehmen. Starte jetzt mit deinem KI Netzwerk!\" \/>\n<meta name=\"robots\" content=\"index, follow, max-snippet:-1, max-image-preview:large, max-video-preview:-1\" \/>\n<link rel=\"canonical\" href=\"https:\/\/imbstudent.donau-uni.ac.at\/aiboom\/partnerschaften-zu-einem-globalen-netzwerk\/\" \/>\n<meta property=\"og:locale\" content=\"de_DE\" \/>\n<meta property=\"og:type\" content=\"article\" \/>\n<meta property=\"og:title\" content=\"Partnerschaft - AI Boom\" \/>\n<meta property=\"og:description\" content=\"Unsere Partnerschaften bieten direkten Zugang zu einem globalen Netzwerk aus Fachleuten und Unternehmen. Starte jetzt mit deinem KI Netzwerk!\" \/>\n<meta property=\"og:url\" content=\"https:\/\/imbstudent.donau-uni.ac.at\/aiboom\/partnerschaften-zu-einem-globalen-netzwerk\/\" \/>\n<meta property=\"og:site_name\" content=\"AI Boom\" \/>\n<meta property=\"article:modified_time\" content=\"2024-03-03T08:33:03+00:00\" \/>\n<meta property=\"og:image\" content=\"https:\/\/imbstudent.donau-uni.ac.at\/aiboom\/wp-content\/uploads\/2023\/10\/philipppeter_Generate_an_image_illustrating_a_fusion_of_traditi_e3421ba9-bc49-4b45-b939-7a5c01ef8bd4.png\" \/>\n<meta name=\"twitter:card\" content=\"summary_large_image\" \/>\n<meta name=\"twitter:label1\" content=\"Gesch\u00e4tzte Lesezeit\" \/>\n\t<meta name=\"twitter:data1\" content=\"2 Minuten\" \/>\n<script type=\"application\/ld+json\" class=\"yoast-schema-graph\">{\"@context\":\"https:\/\/schema.org\",\"@graph\":[{\"@type\":\"WebPage\",\"@id\":\"https:\/\/imbstudent.donau-uni.ac.at\/aiboom\/partnerschaften-zu-einem-globalen-netzwerk\/\",\"url\":\"https:\/\/imbstudent.donau-uni.ac.at\/aiboom\/partnerschaften-zu-einem-globalen-netzwerk\/\",\"name\":\"Partnerschaft - AI Boom\",\"isPartOf\":{\"@id\":\"https:\/\/imbstudent.donau-uni.ac.at\/aiboom\/#website\"},\"primaryImageOfPage\":{\"@id\":\"https:\/\/imbstudent.donau-uni.ac.at\/aiboom\/partnerschaften-zu-einem-globalen-netzwerk\/#primaryimage\"},\"image\":{\"@id\":\"https:\/\/imbstudent.donau-uni.ac.at\/aiboom\/partnerschaften-zu-einem-globalen-netzwerk\/#primaryimage\"},\"thumbnailUrl\":\"https:\/\/imbstudent.donau-uni.ac.at\/aiboom\/wp-content\/uploads\/2023\/10\/philipppeter_Generate_an_image_illustrating_a_fusion_of_traditi_e3421ba9-bc49-4b45-b939-7a5c01ef8bd4.png\",\"datePublished\":\"2023-11-02T16:06:07+00:00\",\"dateModified\":\"2024-03-03T08:33:03+00:00\",\"description\":\"Unsere Partnerschaften bieten direkten Zugang zu einem globalen Netzwerk aus Fachleuten und Unternehmen. Starte jetzt mit deinem KI Netzwerk!\",\"breadcrumb\":{\"@id\":\"https:\/\/imbstudent.donau-uni.ac.at\/aiboom\/partnerschaften-zu-einem-globalen-netzwerk\/#breadcrumb\"},\"inLanguage\":\"de-AT\",\"potentialAction\":[{\"@type\":\"ReadAction\",\"target\":[\"https:\/\/imbstudent.donau-uni.ac.at\/aiboom\/partnerschaften-zu-einem-globalen-netzwerk\/\"]}]},{\"@type\":\"ImageObject\",\"inLanguage\":\"de-AT\",\"@id\":\"https:\/\/imbstudent.donau-uni.ac.at\/aiboom\/partnerschaften-zu-einem-globalen-netzwerk\/#primaryimage\",\"url\":\"https:\/\/imbstudent.donau-uni.ac.at\/aiboom\/wp-content\/uploads\/2023\/10\/philipppeter_Generate_an_image_illustrating_a_fusion_of_traditi_e3421ba9-bc49-4b45-b939-7a5c01ef8bd4.png\",\"contentUrl\":\"https:\/\/imbstudent.donau-uni.ac.at\/aiboom\/wp-content\/uploads\/2023\/10\/philipppeter_Generate_an_image_illustrating_a_fusion_of_traditi_e3421ba9-bc49-4b45-b939-7a5c01ef8bd4.png\",\"width\":1024,\"height\":1024},{\"@type\":\"BreadcrumbList\",\"@id\":\"https:\/\/imbstudent.donau-uni.ac.at\/aiboom\/partnerschaften-zu-einem-globalen-netzwerk\/#breadcrumb\",\"itemListElement\":[{\"@type\":\"ListItem\",\"position\":1,\"name\":\"Startseite\",\"item\":\"https:\/\/imbstudent.donau-uni.ac.at\/aiboom\/\"},{\"@type\":\"ListItem\",\"position\":2,\"name\":\"Partnerschaft\"}]},{\"@type\":\"WebSite\",\"@id\":\"https:\/\/imbstudent.donau-uni.ac.at\/aiboom\/#website\",\"url\":\"https:\/\/imbstudent.donau-uni.ac.at\/aiboom\/\",\"name\":\"AI Boom\",\"description\":\"Der Blog f\u00fcr digitales Marketing\",\"publisher\":{\"@id\":\"https:\/\/imbstudent.donau-uni.ac.at\/aiboom\/#organization\"},\"potentialAction\":[{\"@type\":\"SearchAction\",\"target\":{\"@type\":\"EntryPoint\",\"urlTemplate\":\"https:\/\/imbstudent.donau-uni.ac.at\/aiboom\/?s={search_term_string}\"},\"query-input\":\"required name=search_term_string\"}],\"inLanguage\":\"de-AT\"},{\"@type\":\"Organization\",\"@id\":\"https:\/\/imbstudent.donau-uni.ac.at\/aiboom\/#organization\",\"name\":\"AI Boom\",\"url\":\"https:\/\/imbstudent.donau-uni.ac.at\/aiboom\/\",\"logo\":{\"@type\":\"ImageObject\",\"inLanguage\":\"de-AT\",\"@id\":\"https:\/\/imbstudent.donau-uni.ac.at\/aiboom\/#\/schema\/logo\/image\/\",\"url\":\"https:\/\/imbstudent.donau-uni.ac.at\/aiboom\/wp-content\/uploads\/2023\/07\/aiboom-fav-icon.png\",\"contentUrl\":\"https:\/\/imbstudent.donau-uni.ac.at\/aiboom\/wp-content\/uploads\/2023\/07\/aiboom-fav-icon.png\",\"width\":80,\"height\":76,\"caption\":\"AI Boom\"},\"image\":{\"@id\":\"https:\/\/imbstudent.donau-uni.ac.at\/aiboom\/#\/schema\/logo\/image\/\"}}]}<\/script>\n<!-- \/ Yoast SEO plugin. -->","yoast_head_json":{"title":"Partnerschaft - AI Boom","description":"Unsere Partnerschaften bieten direkten Zugang zu einem globalen Netzwerk aus Fachleuten und Unternehmen. Starte jetzt mit deinem KI Netzwerk!","robots":{"index":"index","follow":"follow","max-snippet":"max-snippet:-1","max-image-preview":"max-image-preview:large","max-video-preview":"max-video-preview:-1"},"canonical":"https:\/\/imbstudent.donau-uni.ac.at\/aiboom\/partnerschaften-zu-einem-globalen-netzwerk\/","og_locale":"de_DE","og_type":"article","og_title":"Partnerschaft - AI Boom","og_description":"Unsere Partnerschaften bieten direkten Zugang zu einem globalen Netzwerk aus Fachleuten und Unternehmen. Starte jetzt mit deinem KI Netzwerk!","og_url":"https:\/\/imbstudent.donau-uni.ac.at\/aiboom\/partnerschaften-zu-einem-globalen-netzwerk\/","og_site_name":"AI Boom","article_modified_time":"2024-03-03T08:33:03+00:00","og_image":[{"url":"https:\/\/imbstudent.donau-uni.ac.at\/aiboom\/wp-content\/uploads\/2023\/10\/philipppeter_Generate_an_image_illustrating_a_fusion_of_traditi_e3421ba9-bc49-4b45-b939-7a5c01ef8bd4.png"}],"twitter_card":"summary_large_image","twitter_misc":{"Gesch\u00e4tzte Lesezeit":"2 Minuten"},"schema":{"@context":"https:\/\/schema.org","@graph":[{"@type":"WebPage","@id":"https:\/\/imbstudent.donau-uni.ac.at\/aiboom\/partnerschaften-zu-einem-globalen-netzwerk\/","url":"https:\/\/imbstudent.donau-uni.ac.at\/aiboom\/partnerschaften-zu-einem-globalen-netzwerk\/","name":"Partnerschaft - AI Boom","isPartOf":{"@id":"https:\/\/imbstudent.donau-uni.ac.at\/aiboom\/#website"},"primaryImageOfPage":{"@id":"https:\/\/imbstudent.donau-uni.ac.at\/aiboom\/partnerschaften-zu-einem-globalen-netzwerk\/#primaryimage"},"image":{"@id":"https:\/\/imbstudent.donau-uni.ac.at\/aiboom\/partnerschaften-zu-einem-globalen-netzwerk\/#primaryimage"},"thumbnailUrl":"https:\/\/imbstudent.donau-uni.ac.at\/aiboom\/wp-content\/uploads\/2023\/10\/philipppeter_Generate_an_image_illustrating_a_fusion_of_traditi_e3421ba9-bc49-4b45-b939-7a5c01ef8bd4.png","datePublished":"2023-11-02T16:06:07+00:00","dateModified":"2024-03-03T08:33:03+00:00","description":"Unsere Partnerschaften bieten direkten Zugang zu einem globalen Netzwerk aus Fachleuten und Unternehmen. Starte jetzt mit deinem KI Netzwerk!","breadcrumb":{"@id":"https:\/\/imbstudent.donau-uni.ac.at\/aiboom\/partnerschaften-zu-einem-globalen-netzwerk\/#breadcrumb"},"inLanguage":"de-AT","potentialAction":[{"@type":"ReadAction","target":["https:\/\/imbstudent.donau-uni.ac.at\/aiboom\/partnerschaften-zu-einem-globalen-netzwerk\/"]}]},{"@type":"ImageObject","inLanguage":"de-AT","@id":"https:\/\/imbstudent.donau-uni.ac.at\/aiboom\/partnerschaften-zu-einem-globalen-netzwerk\/#primaryimage","url":"https:\/\/imbstudent.donau-uni.ac.at\/aiboom\/wp-content\/uploads\/2023\/10\/philipppeter_Generate_an_image_illustrating_a_fusion_of_traditi_e3421ba9-bc49-4b45-b939-7a5c01ef8bd4.png","contentUrl":"https:\/\/imbstudent.donau-uni.ac.at\/aiboom\/wp-content\/uploads\/2023\/10\/philipppeter_Generate_an_image_illustrating_a_fusion_of_traditi_e3421ba9-bc49-4b45-b939-7a5c01ef8bd4.png","width":1024,"height":1024},{"@type":"BreadcrumbList","@id":"https:\/\/imbstudent.donau-uni.ac.at\/aiboom\/partnerschaften-zu-einem-globalen-netzwerk\/#breadcrumb","itemListElement":[{"@type":"ListItem","position":1,"name":"Startseite","item":"https:\/\/imbstudent.donau-uni.ac.at\/aiboom\/"},{"@type":"ListItem","position":2,"name":"Partnerschaft"}]},{"@type":"WebSite","@id":"https:\/\/imbstudent.donau-uni.ac.at\/aiboom\/#website","url":"https:\/\/imbstudent.donau-uni.ac.at\/aiboom\/","name":"AI Boom","description":"Der Blog f\u00fcr digitales Marketing","publisher":{"@id":"https:\/\/imbstudent.donau-uni.ac.at\/aiboom\/#organization"},"potentialAction":[{"@type":"SearchAction","target":{"@type":"EntryPoint","urlTemplate":"https:\/\/imbstudent.donau-uni.ac.at\/aiboom\/?s={search_term_string}"},"query-input":"required name=search_term_string"}],"inLanguage":"de-AT"},{"@type":"Organization","@id":"https:\/\/imbstudent.donau-uni.ac.at\/aiboom\/#organization","name":"AI Boom","url":"https:\/\/imbstudent.donau-uni.ac.at\/aiboom\/","logo":{"@type":"ImageObject","inLanguage":"de-AT","@id":"https:\/\/imbstudent.donau-uni.ac.at\/aiboom\/#\/schema\/logo\/image\/","url":"https:\/\/imbstudent.donau-uni.ac.at\/aiboom\/wp-content\/uploads\/2023\/07\/aiboom-fav-icon.png","contentUrl":"https:\/\/imbstudent.donau-uni.ac.at\/aiboom\/wp-content\/uploads\/2023\/07\/aiboom-fav-icon.png","width":80,"height":76,"caption":"AI Boom"},"image":{"@id":"https:\/\/imbstudent.donau-uni.ac.at\/aiboom\/#\/schema\/logo\/image\/"}}]}},"_links":{"self":[{"href":"https:\/\/imbstudent.donau-uni.ac.at\/aiboom\/wp-json\/wp\/v2\/pages\/431","targetHints":{"allow":["GET"]}}],"collection":[{"href":"https:\/\/imbstudent.donau-uni.ac.at\/aiboom\/wp-json\/wp\/v2\/pages"}],"about":[{"href":"https:\/\/imbstudent.donau-uni.ac.at\/aiboom\/wp-json\/wp\/v2\/types\/page"}],"author":[{"embeddable":true,"href":"https:\/\/imbstudent.donau-uni.ac.at\/aiboom\/wp-json\/wp\/v2\/users\/5"}],"replies":[{"embeddable":true,"href":"https:\/\/imbstudent.donau-uni.ac.at\/aiboom\/wp-json\/wp\/v2\/comments?post=431"}],"version-history":[{"count":14,"href":"https:\/\/imbstudent.donau-uni.ac.at\/aiboom\/wp-json\/wp\/v2\/pages\/431\/revisions"}],"predecessor-version":[{"id":475,"href":"https:\/\/imbstudent.donau-uni.ac.at\/aiboom\/wp-json\/wp\/v2\/pages\/431\/revisions\/475"}],"wp:attachment":[{"href":"https:\/\/imbstudent.donau-uni.ac.at\/aiboom\/wp-json\/wp\/v2\/media?parent=431"}],"curies":[{"name":"wp","href":"https:\/\/api.w.org\/{rel}","templated":true}]}}