{"id":111,"date":"2023-07-08T11:01:05","date_gmt":"2023-07-08T09:01:05","guid":{"rendered":"https:\/\/imbstudent.donau-uni.ac.at\/aiboom\/?page_id=111"},"modified":"2024-03-03T09:40:07","modified_gmt":"2024-03-03T08:40:07","slug":"impressum","status":"publish","type":"page","link":"https:\/\/imbstudent.donau-uni.ac.at\/aiboom\/impressum\/","title":{"rendered":"Impressum"},"content":{"rendered":"\n<h2 class=\"wp-block-heading\">Medieninhaber<\/h2>\n\n\n\n<p>Der Blog AIBOOM wird im Rahmen des Studiengangs Online Media Marketing 17 an der Donau Uni Krems von Studierenden betrieben. Die Lehrgangsleiterin ist Frau Drs. Nicola Oudejans. Die Inhalte dieses Webseite zum gro\u00dfen Teil mit Tools der k\u00fcnstlichen Intelligenz erstellt.<\/p>\n\n\n\n<p>Das Redaktionsteam des Blogs AIBOOM k\u00f6nnen Sie unter aiboomredaktion@gmail.com erreichen.<\/p>\n\n\n\n<h3 class=\"wp-block-heading\">Anschrift des Blogs:<\/h3>\n\n\n\n<p>Department f\u00fcr Weiterbildungsforschung und Bildungstechnologien an der Universit\u00e4t f\u00fcr Weiterbildung Krems, Dr.-Karl-Dorrek-Stra\u00dfe 30, 3500 Krems, Telefonisch erreichbar unter: +43 2732 893-2361<\/p>\n\n\n\n<h3 class=\"wp-block-heading\">COPYRIGHT<\/h3>\n\n\n\n<p>Der Inhalt dieser Website ist urheberrechtlich gesch\u00fctzt. Die Informationen sind nur f\u00fcr die pers\u00f6nliche Verwendung bestimmt. Jede weitergehende Nutzung insbesondere die Speicherung in Datenbanken, Vervielf\u00e4ltigung und jede Form von gewerblicher Nutzung sowie die Weitergabe an Dritte \u2013 auch in Teilen oder in \u00fcberarbeiteter Form \u2013 ohne Zustimmung des Herausgebers ist untersagt.<\/p>\n\n\n\n<h3 class=\"wp-block-heading\">HAFTUNGSAUSSCHLUSS<\/h3>\n\n\n\n<p>Die Inhalte dieser Webseite wurden mit gr\u00f6\u00dftm\u00f6glicher Sorgfalt erstellt und beinhalten k\u00fcnstlich generierte Inhalte. Im Hinblick auf die technischen Eigenschaften der k\u00fcnstlichen Intelligenz kann keine Gew\u00e4hr f\u00fcr die Authentizit\u00e4t, Richtigkeit und Vollst\u00e4ndigkeit der zur Verf\u00fcgung gestellten Informationen \u00fcbernommen werden. Es wird auch keine Gew\u00e4hr f\u00fcr die Verf\u00fcgbarkeit oder den Betrieb der gegenst\u00e4ndlichen Website und ihrer Inhalte \u00fcbernommen. Jede Haftung f\u00fcr unmittelbare, mittelbare oder sonstige Sch\u00e4den, unabh\u00e4ngig von deren Ursachen, die aus der Benutzung oder Nichtverf\u00fcgbarkeit der Daten und Informationen dieser Website erwachsen, wird, soweit rechtlich zul\u00e4ssig, ausgeschlossen.<\/p>\n\n\n\n<p>Diese Webseite enth\u00e4lt Links zu externen Websites. Auf den Inhalt dieser externen Webseiten haben wir keinerlei Einfluss. Deshalb k\u00f6nnen wir f\u00fcr diese fremden Inhalte auch keine Gew\u00e4hr \u00fcbernehmen. F\u00fcr die Inhalte der verlinkten Seiten ist stets der jeweilige Anbieter oder Betreiber der Seiten verantwortlich. Die verlinkten Seiten wurden zum Zeitpunkt der Verlinkung auf m\u00f6gliche Rechtsverst\u00f6\u00dfe \u00fcberpr\u00fcft. Rechtswidrige Inhalte waren zum Zeitpunkt der Verlinkung nicht erkennbar. Eine permanente inhaltliche Kontrolle der verlinkten Seiten ist jedoch ohne konkrete Anhaltspunkte einer Rechtsverletzung nicht zumutbar. Bei Bekanntwerden von Rechtsverletzungen werden wir derartige Links umgehend entfernen<\/p>\n","protected":false},"excerpt":{"rendered":"<p>Medieninhaber Der Blog AIBOOM wird im Rahmen des Studiengangs Online Media Marketing 17 an der Donau Uni Krems von Studierenden betrieben. Die Lehrgangsleiterin ist Frau Drs. Nicola Oudejans. Die Inhalte dieses Webseite zum gro\u00dfen Teil mit Tools der k\u00fcnstlichen Intelligenz erstellt. Das Redaktionsteam des Blogs AIBOOM k\u00f6nnen Sie unter aiboomredaktion@gmail.com erreichen. Anschrift des Blogs: Department [&hellip;]<\/p>\n","protected":false},"author":5,"featured_media":0,"parent":0,"menu_order":0,"comment_status":"closed","ping_status":"closed","template":"","meta":{"footnotes":""},"class_list":["post-111","page","type-page","status-publish","hentry"],"yoast_head":"<!-- This site is optimized with the Yoast SEO plugin v22.4 - https:\/\/yoast.com\/wordpress\/plugins\/seo\/ -->\n<title>Impressum - AI Boom<\/title>\n<meta name=\"description\" content=\"Der Blog AI BOOM wird im Rahmen des Studiengangs Online Media Marketing 17 an der Donau Uni Krems von Studierenden betrieben. Mehr erfahren!\" \/>\n<meta name=\"robots\" content=\"index, follow, max-snippet:-1, max-image-preview:large, max-video-preview:-1\" \/>\n<link rel=\"canonical\" href=\"https:\/\/imbstudent.donau-uni.ac.at\/aiboom\/impressum\/\" \/>\n<meta property=\"og:locale\" content=\"de_DE\" \/>\n<meta property=\"og:type\" content=\"article\" \/>\n<meta property=\"og:title\" content=\"Impressum - AI Boom\" \/>\n<meta property=\"og:description\" content=\"Der Blog AI BOOM wird im Rahmen des Studiengangs Online Media Marketing 17 an der Donau Uni Krems von Studierenden betrieben. Mehr erfahren!\" \/>\n<meta property=\"og:url\" content=\"https:\/\/imbstudent.donau-uni.ac.at\/aiboom\/impressum\/\" \/>\n<meta property=\"og:site_name\" content=\"AI Boom\" \/>\n<meta property=\"article:modified_time\" content=\"2024-03-03T08:40:07+00:00\" \/>\n<meta name=\"twitter:card\" content=\"summary_large_image\" \/>\n<meta name=\"twitter:label1\" content=\"Gesch\u00e4tzte Lesezeit\" \/>\n\t<meta name=\"twitter:data1\" content=\"2 Minuten\" \/>\n<script type=\"application\/ld+json\" class=\"yoast-schema-graph\">{\"@context\":\"https:\/\/schema.org\",\"@graph\":[{\"@type\":\"WebPage\",\"@id\":\"https:\/\/imbstudent.donau-uni.ac.at\/aiboom\/impressum\/\",\"url\":\"https:\/\/imbstudent.donau-uni.ac.at\/aiboom\/impressum\/\",\"name\":\"Impressum - AI Boom\",\"isPartOf\":{\"@id\":\"https:\/\/imbstudent.donau-uni.ac.at\/aiboom\/#website\"},\"datePublished\":\"2023-07-08T09:01:05+00:00\",\"dateModified\":\"2024-03-03T08:40:07+00:00\",\"description\":\"Der Blog AI BOOM wird im Rahmen des Studiengangs Online Media Marketing 17 an der Donau Uni Krems von Studierenden betrieben. Mehr erfahren!\",\"breadcrumb\":{\"@id\":\"https:\/\/imbstudent.donau-uni.ac.at\/aiboom\/impressum\/#breadcrumb\"},\"inLanguage\":\"de-AT\",\"potentialAction\":[{\"@type\":\"ReadAction\",\"target\":[\"https:\/\/imbstudent.donau-uni.ac.at\/aiboom\/impressum\/\"]}]},{\"@type\":\"BreadcrumbList\",\"@id\":\"https:\/\/imbstudent.donau-uni.ac.at\/aiboom\/impressum\/#breadcrumb\",\"itemListElement\":[{\"@type\":\"ListItem\",\"position\":1,\"name\":\"Startseite\",\"item\":\"https:\/\/imbstudent.donau-uni.ac.at\/aiboom\/\"},{\"@type\":\"ListItem\",\"position\":2,\"name\":\"Impressum\"}]},{\"@type\":\"WebSite\",\"@id\":\"https:\/\/imbstudent.donau-uni.ac.at\/aiboom\/#website\",\"url\":\"https:\/\/imbstudent.donau-uni.ac.at\/aiboom\/\",\"name\":\"AI Boom\",\"description\":\"Der Blog f\u00fcr digitales Marketing\",\"publisher\":{\"@id\":\"https:\/\/imbstudent.donau-uni.ac.at\/aiboom\/#organization\"},\"potentialAction\":[{\"@type\":\"SearchAction\",\"target\":{\"@type\":\"EntryPoint\",\"urlTemplate\":\"https:\/\/imbstudent.donau-uni.ac.at\/aiboom\/?s={search_term_string}\"},\"query-input\":\"required name=search_term_string\"}],\"inLanguage\":\"de-AT\"},{\"@type\":\"Organization\",\"@id\":\"https:\/\/imbstudent.donau-uni.ac.at\/aiboom\/#organization\",\"name\":\"AI Boom\",\"url\":\"https:\/\/imbstudent.donau-uni.ac.at\/aiboom\/\",\"logo\":{\"@type\":\"ImageObject\",\"inLanguage\":\"de-AT\",\"@id\":\"https:\/\/imbstudent.donau-uni.ac.at\/aiboom\/#\/schema\/logo\/image\/\",\"url\":\"https:\/\/imbstudent.donau-uni.ac.at\/aiboom\/wp-content\/uploads\/2023\/07\/aiboom-fav-icon.png\",\"contentUrl\":\"https:\/\/imbstudent.donau-uni.ac.at\/aiboom\/wp-content\/uploads\/2023\/07\/aiboom-fav-icon.png\",\"width\":80,\"height\":76,\"caption\":\"AI Boom\"},\"image\":{\"@id\":\"https:\/\/imbstudent.donau-uni.ac.at\/aiboom\/#\/schema\/logo\/image\/\"}}]}<\/script>\n<!-- \/ Yoast SEO plugin. -->","yoast_head_json":{"title":"Impressum - AI Boom","description":"Der Blog AI BOOM wird im Rahmen des Studiengangs Online Media Marketing 17 an der Donau Uni Krems von Studierenden betrieben. Mehr erfahren!","robots":{"index":"index","follow":"follow","max-snippet":"max-snippet:-1","max-image-preview":"max-image-preview:large","max-video-preview":"max-video-preview:-1"},"canonical":"https:\/\/imbstudent.donau-uni.ac.at\/aiboom\/impressum\/","og_locale":"de_DE","og_type":"article","og_title":"Impressum - AI Boom","og_description":"Der Blog AI BOOM wird im Rahmen des Studiengangs Online Media Marketing 17 an der Donau Uni Krems von Studierenden betrieben. Mehr erfahren!","og_url":"https:\/\/imbstudent.donau-uni.ac.at\/aiboom\/impressum\/","og_site_name":"AI Boom","article_modified_time":"2024-03-03T08:40:07+00:00","twitter_card":"summary_large_image","twitter_misc":{"Gesch\u00e4tzte Lesezeit":"2 Minuten"},"schema":{"@context":"https:\/\/schema.org","@graph":[{"@type":"WebPage","@id":"https:\/\/imbstudent.donau-uni.ac.at\/aiboom\/impressum\/","url":"https:\/\/imbstudent.donau-uni.ac.at\/aiboom\/impressum\/","name":"Impressum - AI Boom","isPartOf":{"@id":"https:\/\/imbstudent.donau-uni.ac.at\/aiboom\/#website"},"datePublished":"2023-07-08T09:01:05+00:00","dateModified":"2024-03-03T08:40:07+00:00","description":"Der Blog AI BOOM wird im Rahmen des Studiengangs Online Media Marketing 17 an der Donau Uni Krems von Studierenden betrieben. Mehr erfahren!","breadcrumb":{"@id":"https:\/\/imbstudent.donau-uni.ac.at\/aiboom\/impressum\/#breadcrumb"},"inLanguage":"de-AT","potentialAction":[{"@type":"ReadAction","target":["https:\/\/imbstudent.donau-uni.ac.at\/aiboom\/impressum\/"]}]},{"@type":"BreadcrumbList","@id":"https:\/\/imbstudent.donau-uni.ac.at\/aiboom\/impressum\/#breadcrumb","itemListElement":[{"@type":"ListItem","position":1,"name":"Startseite","item":"https:\/\/imbstudent.donau-uni.ac.at\/aiboom\/"},{"@type":"ListItem","position":2,"name":"Impressum"}]},{"@type":"WebSite","@id":"https:\/\/imbstudent.donau-uni.ac.at\/aiboom\/#website","url":"https:\/\/imbstudent.donau-uni.ac.at\/aiboom\/","name":"AI Boom","description":"Der Blog f\u00fcr digitales Marketing","publisher":{"@id":"https:\/\/imbstudent.donau-uni.ac.at\/aiboom\/#organization"},"potentialAction":[{"@type":"SearchAction","target":{"@type":"EntryPoint","urlTemplate":"https:\/\/imbstudent.donau-uni.ac.at\/aiboom\/?s={search_term_string}"},"query-input":"required name=search_term_string"}],"inLanguage":"de-AT"},{"@type":"Organization","@id":"https:\/\/imbstudent.donau-uni.ac.at\/aiboom\/#organization","name":"AI Boom","url":"https:\/\/imbstudent.donau-uni.ac.at\/aiboom\/","logo":{"@type":"ImageObject","inLanguage":"de-AT","@id":"https:\/\/imbstudent.donau-uni.ac.at\/aiboom\/#\/schema\/logo\/image\/","url":"https:\/\/imbstudent.donau-uni.ac.at\/aiboom\/wp-content\/uploads\/2023\/07\/aiboom-fav-icon.png","contentUrl":"https:\/\/imbstudent.donau-uni.ac.at\/aiboom\/wp-content\/uploads\/2023\/07\/aiboom-fav-icon.png","width":80,"height":76,"caption":"AI Boom"},"image":{"@id":"https:\/\/imbstudent.donau-uni.ac.at\/aiboom\/#\/schema\/logo\/image\/"}}]}},"_links":{"self":[{"href":"https:\/\/imbstudent.donau-uni.ac.at\/aiboom\/wp-json\/wp\/v2\/pages\/111","targetHints":{"allow":["GET"]}}],"collection":[{"href":"https:\/\/imbstudent.donau-uni.ac.at\/aiboom\/wp-json\/wp\/v2\/pages"}],"about":[{"href":"https:\/\/imbstudent.donau-uni.ac.at\/aiboom\/wp-json\/wp\/v2\/types\/page"}],"author":[{"embeddable":true,"href":"https:\/\/imbstudent.donau-uni.ac.at\/aiboom\/wp-json\/wp\/v2\/users\/5"}],"replies":[{"embeddable":true,"href":"https:\/\/imbstudent.donau-uni.ac.at\/aiboom\/wp-json\/wp\/v2\/comments?post=111"}],"version-history":[{"count":1,"href":"https:\/\/imbstudent.donau-uni.ac.at\/aiboom\/wp-json\/wp\/v2\/pages\/111\/revisions"}],"predecessor-version":[{"id":117,"href":"https:\/\/imbstudent.donau-uni.ac.at\/aiboom\/wp-json\/wp\/v2\/pages\/111\/revisions\/117"}],"wp:attachment":[{"href":"https:\/\/imbstudent.donau-uni.ac.at\/aiboom\/wp-json\/wp\/v2\/media?parent=111"}],"curies":[{"name":"wp","href":"https:\/\/api.w.org\/{rel}","templated":true}]}}