{"id":108,"date":"2023-07-04T09:58:12","date_gmt":"2023-07-04T07:58:12","guid":{"rendered":"https:\/\/imbstudent.donau-uni.ac.at\/ai-avengers\/?page_id=108"},"modified":"2023-07-08T09:57:38","modified_gmt":"2023-07-08T07:57:38","slug":"datenschutz","status":"publish","type":"page","link":"https:\/\/imbstudent.donau-uni.ac.at\/ai-avengers\/datenschutz\/","title":{"rendered":"Datenschutz"},"content":{"rendered":"\t\t<div data-elementor-type=\"wp-page\" data-elementor-id=\"108\" class=\"elementor elementor-108\" data-elementor-post-type=\"page\">\n\t\t\t\t\t\t\t\t\t<section class=\"elementor-section elementor-top-section elementor-element elementor-element-0603199 elementor-section-boxed elementor-section-height-default elementor-section-height-default\" data-id=\"0603199\" data-element_type=\"section\">\n\t\t\t\t\t\t<div class=\"elementor-container elementor-column-gap-default\">\n\t\t\t\t\t<div class=\"elementor-column elementor-col-100 elementor-top-column elementor-element elementor-element-e807d67\" data-id=\"e807d67\" data-element_type=\"column\">\n\t\t\t<div class=\"elementor-widget-wrap elementor-element-populated\">\n\t\t\t\t\t\t\t\t<div class=\"elementor-element elementor-element-81edfa3 elementor-widget elementor-widget-text-editor\" data-id=\"81edfa3\" data-element_type=\"widget\" data-widget_type=\"text-editor.default\">\n\t\t\t\t<div class=\"elementor-widget-container\">\n\t\t\t<style>\/*! elementor - v3.14.0 - 26-06-2023 *\/\n.elementor-widget-text-editor.elementor-drop-cap-view-stacked .elementor-drop-cap{background-color:#69727d;color:#fff}.elementor-widget-text-editor.elementor-drop-cap-view-framed .elementor-drop-cap{color:#69727d;border:3px solid;background-color:transparent}.elementor-widget-text-editor:not(.elementor-drop-cap-view-default) .elementor-drop-cap{margin-top:8px}.elementor-widget-text-editor:not(.elementor-drop-cap-view-default) .elementor-drop-cap-letter{width:1em;height:1em}.elementor-widget-text-editor .elementor-drop-cap{float:left;text-align:center;line-height:1;font-size:50px}.elementor-widget-text-editor .elementor-drop-cap-letter{display:inline-block}<\/style>\t\t\t\t<h2>Datenschutz<\/h2><p>Soweit auf unseren Seiten personenbezogene Daten (beispielsweise Name, Anschrift oder eMail-Adressen) erhoben werden, erfolgt dies soweit m\u00f6glich stets auf freiwilliger Basis. Die Nutzung der Angebote und Dienste ist, soweit m\u00f6glich, stets ohne Angabe personenbezogener Daten m\u00f6glich.<\/p><p>Der Nutzung von im Rahmen der Impressumspflicht ver\u00f6ffentlichten Kontaktdaten durch Dritte zur \u00dcbersendung von nicht ausdr\u00fccklich angeforderter Werbung und Informationsmaterialien wird hiermit ausdr\u00fccklich widersprochen. Die Betreiber der Seiten behalten sich ausdr\u00fccklich rechtliche Schritte im Falle der unverlangten Zusendung von Werbeinformationen, etwa durch Spam-Mails, vor.<\/p><h3>Betreiber des Blogs:<\/h3><p>Der Blog AI Avengers wird im Rahmen des Studiengangs Online Media Marketing an der Donau Uni Krems von Studierenden betrieben. Die Lehrgangsleiterin ist Frau Drs. Nicola Oudejans.<\/p><p>Das Redaktionsteam des Blogs AI Avengers k\u00f6nnen Sie unter <a href=\"mailto:ai.avengers90@gmail.com\">ai.avengers90@gmail.com<\/a> erreichen.<\/p><h3>Anschrift des Blogs:<\/h3><p>Department f\u00fcr Weiterbildungsforschung und Bildungstechnologien an der Universit\u00e4t f\u00fcr Weiterbildung Krems<br \/>Dr.-Karl-Dorrek-Stra\u00dfe 30<br \/>3500 Krems<br \/>Telefonisch erreichbar unter: +43 2732 893-2361<\/p><h3>Geltungsbereich<\/h3><p>Diese Datenschutzerkl\u00e4rung soll die Nutzer dieser Website gem\u00e4\u00df europ\u00e4schischer Datenschutzgrundverordnung (DSGVO) \u00fcber die Art, den Umfang und den Zweck der Erhebung und Verwendung personenbezogener Daten durch den Websitebetreiber informieren. Der Websitebetreiber nimmt Ihren Datenschutz sehr ernst und behandelt Ihre personenbezogenen Daten vertraulich und entsprechend der gesetzlichen Vorschriften. Bedenken Sie, dass die Daten\u00fcbertragung im Internet grunds\u00e4tzlich mit Sicherheitsl\u00fccken bedacht sein kann. Ein vollumf\u00e4nglicher Schutz vor dem Zugriff durch Fremde ist nicht realisierbar.<\/p><h3>Rechte des Nutzers: Auskunft, Berichtigung und L\u00f6schung<\/h3><p>Sie als Nutzer erhalten auf Antrag Ihrerseits kostenlose Auskunft dar\u00fcber, welche personenbezogenen Daten \u00fcber Sie gespeichert wurden. Sofern Ihr Wunsch nicht mit einer gesetzlichen Pflicht zur Aufbewahrung von Daten (z. B. Vorratsdatenspeicherung) kollidiert, haben Sie ein Anrecht auf Berichtigung falscher Daten und auf die Sperrung oder L\u00f6schung Ihrer personenbezogenen Daten.<\/p><h3>Zugriffsdaten<\/h3><p>Der Websitebetreiber bzw. Seitenprovider erhebt Daten \u00fcber Zugriffe auf die Seite und speichert diese als \u201eServer-Logfiles\u201c ab. Folgende Daten werden so protokolliert:<\/p><ul><li>Besuchte Website<\/li><li>Uhrzeit zum Zeitpunkt des Zugriffes<\/li><li>Menge der gesendeten Daten in Byte<\/li><li>Quelle\/Verweis, von welchem Sie auf die Seite gelangten<\/li><li>Verwendeter Browser<\/li><li>Verwendetes Betriebssystem<\/li><li>Verwendete IP-Adresse<\/li><\/ul><p>Die erhobenen Daten dienen lediglich zur technisch n\u00f6tigen \u00dcbertragung der Website-Inhalte. Der Websitebetreiber beh\u00e4lt sich allerdings vor, die Server-Logfiles nachtr\u00e4glich zu \u00fcberpr\u00fcfen, sollten konkrete Anhaltspunkte auf eine rechtswidrige Nutzung hinweisen.<\/p><h3>Umgang mit personenbezogenen Daten<\/h3><p>Der Websitebetreiber erhebt, nutzt und gibt Ihre personenbezogenen Daten nur dann weiter, wenn dies im gesetzlichen Rahmen erlaubt ist oder Sie in die Datenerhebung einwilligen.<\/p><p>Als personenbezogene Daten gelten s\u00e4mtliche Informationen, welche dazu dienen, Ihre Person zu bestimmen und welche zu Ihnen zur\u00fcckverfolgt werden k\u00f6nnen \u2013 also beispielsweise Ihr Name, Ihre E-Mail-Adresse und Telefonnummer.<\/p><h3>Umgang mit Kontaktdaten<\/h3><p>Nehmen Sie mit dem Websitebetreiber durch die angebotenen Kontaktm\u00f6glichkeiten Verbindung auf, werden Ihre Angaben f\u00fcr einen Zeitraum von sechs Monaten gespeichert, damit auf diese zur Bearbeitung und Beantwortung Ihrer Anfrage und f\u00fcr den Fall von Anschlussfragen zur\u00fcckgegriffen werden kann. Ohne Ihre Einwilligung werden diese Daten nicht an Dritte weitergegeben.<\/p><h3>Umgang mit Kommentaren und Beitr\u00e4gen<\/h3><p>Hinterlassen Sie auf dieser Website einen Beitrag oder Kommentar, wird Ihre IP-Adresse gespeichert. Dies dient der Sicherheit des Websitebetreibers: Verst\u00f6\u00dft Ihr Text gegen das Recht, m\u00f6chte er Ihre Identit\u00e4t nachverfolgen k\u00f6nnen.<\/p>\t\t\t\t\t\t<\/div>\n\t\t\t\t<\/div>\n\t\t\t\t\t<\/div>\n\t\t<\/div>\n\t\t\t\t\t\t\t<\/div>\n\t\t<\/section>\n\t\t\t\t\t\t\t<\/div>\n\t\t","protected":false},"excerpt":{"rendered":"<p>Datenschutz Soweit auf unseren Seiten personenbezogene Daten (beispielsweise Name, Anschrift oder eMail-Adressen) erhoben werden, erfolgt dies soweit m\u00f6glich stets auf freiwilliger Basis. Die Nutzung der Angebote und Dienste ist, soweit m\u00f6glich, stets ohne Angabe personenbezogener Daten m\u00f6glich. Der Nutzung von im Rahmen der Impressumspflicht ver\u00f6ffentlichten Kontaktdaten durch Dritte zur \u00dcbersendung von nicht ausdr\u00fccklich angeforderter Werbung [&hellip;]<\/p>\n","protected":false},"author":5,"featured_media":0,"parent":0,"menu_order":0,"comment_status":"closed","ping_status":"closed","template":"","meta":{"_ti_tpc_template_sync":false,"_ti_tpc_template_id":"","footnotes":""},"class_list":["post-108","page","type-page","status-publish","hentry"],"yoast_head":"<!-- This site is optimized with the Yoast SEO plugin v20.10 - https:\/\/yoast.com\/wordpress\/plugins\/seo\/ -->\n<title>Datenschutz - AI AVENGERS<\/title>\n<meta name=\"robots\" content=\"index, follow, max-snippet:-1, max-image-preview:large, max-video-preview:-1\" \/>\n<link rel=\"canonical\" href=\"https:\/\/imbstudent.donau-uni.ac.at\/ai-avengers\/datenschutz\/\" \/>\n<meta property=\"og:locale\" content=\"de_DE\" \/>\n<meta property=\"og:type\" content=\"article\" \/>\n<meta property=\"og:title\" content=\"Datenschutz - AI AVENGERS\" \/>\n<meta property=\"og:description\" content=\"Datenschutz Soweit auf unseren Seiten personenbezogene Daten (beispielsweise Name, Anschrift oder eMail-Adressen) erhoben werden, erfolgt dies soweit m\u00f6glich stets auf freiwilliger Basis. Die Nutzung der Angebote und Dienste ist, soweit m\u00f6glich, stets ohne Angabe personenbezogener Daten m\u00f6glich. Der Nutzung von im Rahmen der Impressumspflicht ver\u00f6ffentlichten Kontaktdaten durch Dritte zur \u00dcbersendung von nicht ausdr\u00fccklich angeforderter Werbung [&hellip;]\" \/>\n<meta property=\"og:url\" content=\"https:\/\/imbstudent.donau-uni.ac.at\/ai-avengers\/datenschutz\/\" \/>\n<meta property=\"og:site_name\" content=\"AI AVENGERS\" \/>\n<meta property=\"article:modified_time\" content=\"2023-07-08T07:57:38+00:00\" \/>\n<meta name=\"twitter:card\" content=\"summary_large_image\" \/>\n<meta name=\"twitter:label1\" content=\"Gesch\u00e4tzte Lesezeit\" \/>\n\t<meta name=\"twitter:data1\" content=\"3 Minuten\" \/>\n<script type=\"application\/ld+json\" class=\"yoast-schema-graph\">{\"@context\":\"https:\/\/schema.org\",\"@graph\":[{\"@type\":\"WebPage\",\"@id\":\"https:\/\/imbstudent.donau-uni.ac.at\/ai-avengers\/datenschutz\/\",\"url\":\"https:\/\/imbstudent.donau-uni.ac.at\/ai-avengers\/datenschutz\/\",\"name\":\"Datenschutz - AI AVENGERS\",\"isPartOf\":{\"@id\":\"https:\/\/imbstudent.donau-uni.ac.at\/ai-avengers\/#website\"},\"datePublished\":\"2023-07-04T07:58:12+00:00\",\"dateModified\":\"2023-07-08T07:57:38+00:00\",\"breadcrumb\":{\"@id\":\"https:\/\/imbstudent.donau-uni.ac.at\/ai-avengers\/datenschutz\/#breadcrumb\"},\"inLanguage\":\"de-AT\",\"potentialAction\":[{\"@type\":\"ReadAction\",\"target\":[\"https:\/\/imbstudent.donau-uni.ac.at\/ai-avengers\/datenschutz\/\"]}]},{\"@type\":\"BreadcrumbList\",\"@id\":\"https:\/\/imbstudent.donau-uni.ac.at\/ai-avengers\/datenschutz\/#breadcrumb\",\"itemListElement\":[{\"@type\":\"ListItem\",\"position\":1,\"name\":\"Startseite\",\"item\":\"https:\/\/imbstudent.donau-uni.ac.at\/ai-avengers\/\"},{\"@type\":\"ListItem\",\"position\":2,\"name\":\"Datenschutz\"}]},{\"@type\":\"WebSite\",\"@id\":\"https:\/\/imbstudent.donau-uni.ac.at\/ai-avengers\/#website\",\"url\":\"https:\/\/imbstudent.donau-uni.ac.at\/ai-avengers\/\",\"name\":\"AI AVENGERS\",\"description\":\"Verwendung von k\u00fcnstlicher Intelligenz im Marketing\",\"publisher\":{\"@id\":\"https:\/\/imbstudent.donau-uni.ac.at\/ai-avengers\/#organization\"},\"potentialAction\":[{\"@type\":\"SearchAction\",\"target\":{\"@type\":\"EntryPoint\",\"urlTemplate\":\"https:\/\/imbstudent.donau-uni.ac.at\/ai-avengers\/?s={search_term_string}\"},\"query-input\":\"required name=search_term_string\"}],\"inLanguage\":\"de-AT\"},{\"@type\":\"Organization\",\"@id\":\"https:\/\/imbstudent.donau-uni.ac.at\/ai-avengers\/#organization\",\"name\":\"AI AVENGERS\",\"url\":\"https:\/\/imbstudent.donau-uni.ac.at\/ai-avengers\/\",\"logo\":{\"@type\":\"ImageObject\",\"inLanguage\":\"de-AT\",\"@id\":\"https:\/\/imbstudent.donau-uni.ac.at\/ai-avengers\/#\/schema\/logo\/image\/\",\"url\":\"https:\/\/imbstudent.donau-uni.ac.at\/ai-avengers\/wp-content\/uploads\/2023\/07\/Logo-AI-Avengers.jpg\",\"contentUrl\":\"https:\/\/imbstudent.donau-uni.ac.at\/ai-avengers\/wp-content\/uploads\/2023\/07\/Logo-AI-Avengers.jpg\",\"width\":1181,\"height\":343,\"caption\":\"AI AVENGERS\"},\"image\":{\"@id\":\"https:\/\/imbstudent.donau-uni.ac.at\/ai-avengers\/#\/schema\/logo\/image\/\"}}]}<\/script>\n<!-- \/ Yoast SEO plugin. -->","yoast_head_json":{"title":"Datenschutz - AI AVENGERS","robots":{"index":"index","follow":"follow","max-snippet":"max-snippet:-1","max-image-preview":"max-image-preview:large","max-video-preview":"max-video-preview:-1"},"canonical":"https:\/\/imbstudent.donau-uni.ac.at\/ai-avengers\/datenschutz\/","og_locale":"de_DE","og_type":"article","og_title":"Datenschutz - AI AVENGERS","og_description":"Datenschutz Soweit auf unseren Seiten personenbezogene Daten (beispielsweise Name, Anschrift oder eMail-Adressen) erhoben werden, erfolgt dies soweit m\u00f6glich stets auf freiwilliger Basis. Die Nutzung der Angebote und Dienste ist, soweit m\u00f6glich, stets ohne Angabe personenbezogener Daten m\u00f6glich. Der Nutzung von im Rahmen der Impressumspflicht ver\u00f6ffentlichten Kontaktdaten durch Dritte zur \u00dcbersendung von nicht ausdr\u00fccklich angeforderter Werbung [&hellip;]","og_url":"https:\/\/imbstudent.donau-uni.ac.at\/ai-avengers\/datenschutz\/","og_site_name":"AI AVENGERS","article_modified_time":"2023-07-08T07:57:38+00:00","twitter_card":"summary_large_image","twitter_misc":{"Gesch\u00e4tzte Lesezeit":"3 Minuten"},"schema":{"@context":"https:\/\/schema.org","@graph":[{"@type":"WebPage","@id":"https:\/\/imbstudent.donau-uni.ac.at\/ai-avengers\/datenschutz\/","url":"https:\/\/imbstudent.donau-uni.ac.at\/ai-avengers\/datenschutz\/","name":"Datenschutz - AI AVENGERS","isPartOf":{"@id":"https:\/\/imbstudent.donau-uni.ac.at\/ai-avengers\/#website"},"datePublished":"2023-07-04T07:58:12+00:00","dateModified":"2023-07-08T07:57:38+00:00","breadcrumb":{"@id":"https:\/\/imbstudent.donau-uni.ac.at\/ai-avengers\/datenschutz\/#breadcrumb"},"inLanguage":"de-AT","potentialAction":[{"@type":"ReadAction","target":["https:\/\/imbstudent.donau-uni.ac.at\/ai-avengers\/datenschutz\/"]}]},{"@type":"BreadcrumbList","@id":"https:\/\/imbstudent.donau-uni.ac.at\/ai-avengers\/datenschutz\/#breadcrumb","itemListElement":[{"@type":"ListItem","position":1,"name":"Startseite","item":"https:\/\/imbstudent.donau-uni.ac.at\/ai-avengers\/"},{"@type":"ListItem","position":2,"name":"Datenschutz"}]},{"@type":"WebSite","@id":"https:\/\/imbstudent.donau-uni.ac.at\/ai-avengers\/#website","url":"https:\/\/imbstudent.donau-uni.ac.at\/ai-avengers\/","name":"AI AVENGERS","description":"Verwendung von k\u00fcnstlicher Intelligenz im Marketing","publisher":{"@id":"https:\/\/imbstudent.donau-uni.ac.at\/ai-avengers\/#organization"},"potentialAction":[{"@type":"SearchAction","target":{"@type":"EntryPoint","urlTemplate":"https:\/\/imbstudent.donau-uni.ac.at\/ai-avengers\/?s={search_term_string}"},"query-input":"required name=search_term_string"}],"inLanguage":"de-AT"},{"@type":"Organization","@id":"https:\/\/imbstudent.donau-uni.ac.at\/ai-avengers\/#organization","name":"AI AVENGERS","url":"https:\/\/imbstudent.donau-uni.ac.at\/ai-avengers\/","logo":{"@type":"ImageObject","inLanguage":"de-AT","@id":"https:\/\/imbstudent.donau-uni.ac.at\/ai-avengers\/#\/schema\/logo\/image\/","url":"https:\/\/imbstudent.donau-uni.ac.at\/ai-avengers\/wp-content\/uploads\/2023\/07\/Logo-AI-Avengers.jpg","contentUrl":"https:\/\/imbstudent.donau-uni.ac.at\/ai-avengers\/wp-content\/uploads\/2023\/07\/Logo-AI-Avengers.jpg","width":1181,"height":343,"caption":"AI AVENGERS"},"image":{"@id":"https:\/\/imbstudent.donau-uni.ac.at\/ai-avengers\/#\/schema\/logo\/image\/"}}]}},"_links":{"self":[{"href":"https:\/\/imbstudent.donau-uni.ac.at\/ai-avengers\/wp-json\/wp\/v2\/pages\/108","targetHints":{"allow":["GET"]}}],"collection":[{"href":"https:\/\/imbstudent.donau-uni.ac.at\/ai-avengers\/wp-json\/wp\/v2\/pages"}],"about":[{"href":"https:\/\/imbstudent.donau-uni.ac.at\/ai-avengers\/wp-json\/wp\/v2\/types\/page"}],"author":[{"embeddable":true,"href":"https:\/\/imbstudent.donau-uni.ac.at\/ai-avengers\/wp-json\/wp\/v2\/users\/5"}],"replies":[{"embeddable":true,"href":"https:\/\/imbstudent.donau-uni.ac.at\/ai-avengers\/wp-json\/wp\/v2\/comments?post=108"}],"version-history":[{"count":19,"href":"https:\/\/imbstudent.donau-uni.ac.at\/ai-avengers\/wp-json\/wp\/v2\/pages\/108\/revisions"}],"predecessor-version":[{"id":321,"href":"https:\/\/imbstudent.donau-uni.ac.at\/ai-avengers\/wp-json\/wp\/v2\/pages\/108\/revisions\/321"}],"wp:attachment":[{"href":"https:\/\/imbstudent.donau-uni.ac.at\/ai-avengers\/wp-json\/wp\/v2\/media?parent=108"}],"curies":[{"name":"wp","href":"https:\/\/api.w.org\/{rel}","templated":true}]}}