{"id":104,"date":"2023-07-04T09:53:35","date_gmt":"2023-07-04T07:53:35","guid":{"rendered":"https:\/\/imbstudent.donau-uni.ac.at\/ai-avengers\/?page_id=104"},"modified":"2024-04-02T18:53:47","modified_gmt":"2024-04-02T16:53:47","slug":"impressum","status":"publish","type":"page","link":"https:\/\/imbstudent.donau-uni.ac.at\/ai-avengers\/impressum\/","title":{"rendered":"Impressum"},"content":{"rendered":"\t\t<div data-elementor-type=\"wp-page\" data-elementor-id=\"104\" class=\"elementor elementor-104\" data-elementor-post-type=\"page\">\n\t\t\t\t\t\t\t\t\t<section class=\"elementor-section elementor-top-section elementor-element elementor-element-0b852f0 elementor-section-boxed elementor-section-height-default elementor-section-height-default\" data-id=\"0b852f0\" data-element_type=\"section\">\n\t\t\t\t\t\t<div class=\"elementor-container elementor-column-gap-default\">\n\t\t\t\t\t<div class=\"elementor-column elementor-col-100 elementor-top-column elementor-element elementor-element-2335200\" data-id=\"2335200\" data-element_type=\"column\">\n\t\t\t<div class=\"elementor-widget-wrap elementor-element-populated\">\n\t\t\t\t\t\t\t\t<div class=\"elementor-element elementor-element-fb15e86 elementor-widget elementor-widget-text-editor\" data-id=\"fb15e86\" data-element_type=\"widget\" data-widget_type=\"text-editor.default\">\n\t\t\t\t<div class=\"elementor-widget-container\">\n\t\t\t<style>\/*! elementor - v3.14.0 - 26-06-2023 *\/\n.elementor-widget-text-editor.elementor-drop-cap-view-stacked .elementor-drop-cap{background-color:#69727d;color:#fff}.elementor-widget-text-editor.elementor-drop-cap-view-framed .elementor-drop-cap{color:#69727d;border:3px solid;background-color:transparent}.elementor-widget-text-editor:not(.elementor-drop-cap-view-default) .elementor-drop-cap{margin-top:8px}.elementor-widget-text-editor:not(.elementor-drop-cap-view-default) .elementor-drop-cap-letter{width:1em;height:1em}.elementor-widget-text-editor .elementor-drop-cap{float:left;text-align:center;line-height:1;font-size:50px}.elementor-widget-text-editor .elementor-drop-cap-letter{display:inline-block}<\/style>\t\t\t\t<h2><strong>MEDIENINHABER<\/strong><\/h2><p>Der Blog AI AVENGERS wird im Rahmen des Studiengangs Online Media Marketing an der Donau Uni Krems von Studierenden betrieben. Die Lehrgangsleiterin ist Frau Drs. Nicola Oudejans. Die Inhalte dieses Webseite zum gro\u00dfen Teil mit Tools der k\u00fcnstlichen Intelligenz erstellt.<\/p><p>Das Redaktionsteam des Blogs AI Avengers k\u00f6nnen Sie unter\u00a0<span style=\"color: var( --e-global-color-text ); font-size: 1rem;\"><a href=\"mailto:ai.avengers90@gmail.com\">ai.avengers90@gmail.com<\/a>\u00a0<\/span><span style=\"color: var( --e-global-color-text ); font-size: 1rem;\">erreichen.<\/span><\/p><p><strong>Anschrift des Blogs:<\/strong><\/p><p>Department f\u00fcr Weiterbildungsforschung und Bildungstechnologien an der Universit\u00e4t f\u00fcr Weiterbildung Krems<br \/>Dr.-Karl-Dorrek-Stra\u00dfe 30<br \/>3500 Krems<br \/>Telefonisch erreichbar unter: +43 2732 893-2361<\/p><h3>COPYRIGHT<\/h3><p>Der Inhalt dieser Website ist urheberrechtlich gesch\u00fctzt. Die Informationen sind nur f\u00fcr die pers\u00f6nliche Verwendung bestimmt. Jede weitergehende Nutzung insbesondere die Speicherung in Datenbanken, Vervielf\u00e4ltigung und jede Form von gewerblicher Nutzung sowie die Weitergabe an Dritte \u2013 auch in Teilen oder in \u00fcberarbeiteter Form \u2013 ohne Zustimmung des Herausgebers ist untersagt.<br \/><br \/><\/p><h3>BILDNACHWEIS<\/h3><p class=\"p1\"><span class=\"s2\">Die<\/span> <span class=\"s2\">auf<\/span> <span class=\"s2\">dieser<\/span> <span class=\"s2\">Website<\/span> <span class=\"s2\">verwendeten<\/span> <span class=\"s2\">Bilder<\/span> <span class=\"s2\">wurden,<\/span> <span class=\"s2\">sofern<\/span> <span class=\"s2\">nicht<\/span> <span class=\"s2\">anders<\/span> <span class=\"s2\">angegeben,<\/span> <span class=\"s1\">mit Technologien zur Bildgenerierung erstellt. Hier sind die spezifischen Quellen unserer Bilder:<\/span><\/p><ul><li class=\"p3\"><span class=\"s1\">Bilder<\/span> <span class=\"s1\">erstellt<\/span> <span class=\"s1\">mit<\/span> <span class=\"s1\">DALL\u00b7E:<\/span> <span class=\"s1\">Diese<\/span> <span class=\"s1\">Bilder<\/span> <span class=\"s1\">wurden<\/span> <span class=\"s1\">mithilfe<\/span> <span class=\"s1\">von<\/span> <span class=\"s1\">DALL\u00b7E,<\/span> <span class=\"s1\">einem<\/span> <span class=\"s1\">fortschrittlichen<\/span> <span class=\"s1\">KI-gest\u00fctzten<\/span> <span class=\"s1\">System<\/span> <span class=\"s1\">zur<\/span> <span class=\"s1\">Generierung<\/span> <span class=\"s1\">von<\/span> <span class=\"s1\">Bildern,<\/span> <span class=\"s1\">entwickelt<\/span> <span class=\"s1\">von<\/span> <span class=\"s1\">OpenAI,<\/span> <span class=\"s1\">erstellt.<\/span> <span class=\"s1\">Die<\/span> <span class=\"s1\">Nutzung<\/span> <span class=\"s1\">dieser<\/span> <span class=\"s1\">Bilder<\/span> <span class=\"s1\">erfolgt<\/span> <span class=\"s1\">im<\/span> <span class=\"s1\">Einklang<\/span> <span class=\"s1\">mit<\/span> <span class=\"s1\">den<\/span> <span class=\"s1\">Nutzungsbedingungen<\/span> <span class=\"s1\">von<\/span> <span class=\"s1\">OpenAI.<\/span><\/li><li class=\"p3\"><span class=\"s5\">Bilder erstellt mit Fire Fly:<\/span> <span class=\"s1\">Einige<\/span> <span class=\"s1\">Bilder<\/span> <span class=\"s1\">auf<\/span> <span class=\"s1\">dieser<\/span> <span class=\"s1\">Website<\/span> <span class=\"s1\">wurden<\/span> <span class=\"s1\">mit<\/span> <span class=\"s1\">Fire<\/span> <span class=\"s1\">Fly,<\/span> <span class=\"s1\">einer<\/span> <span class=\"s1\">KI-gest\u00fctzten<\/span> <span class=\"s1\">Bildgenerierungsplattform,<\/span> <span class=\"s1\">erstellt.<\/span> <span class=\"s1\">Die<\/span> <span class=\"s1\">Verwendung<\/span> <span class=\"s1\">dieser<\/span> <span class=\"s1\">Bilder<\/span> <span class=\"s1\">erfolgt<\/span> <span class=\"s1\">gem\u00e4\u00df<\/span> <span class=\"s1\">den<\/span> <span class=\"s1\">Richtlinien<\/span> <span class=\"s1\">und<\/span> <span class=\"s1\">Nutzungsbedingungen<\/span> <span class=\"s1\">von<\/span> <span class=\"s1\">Fire<\/span> <span class=\"s1\">Fly.<\/span><\/li><\/ul><p class=\"p3\"><span class=\"s1\">F\u00fcr<\/span> <span class=\"s1\">spezifische<\/span> <span class=\"s1\">Bilder,<\/span> <span class=\"s1\">die<\/span> <span class=\"s1\">besondere<\/span> <span class=\"s1\">Erw\u00e4hnung<\/span> <span class=\"s1\">erfordern,<\/span> <span class=\"s1\">oder<\/span> <span class=\"s1\">f\u00fcr<\/span> <span class=\"s1\">Bilder,<\/span> <span class=\"s1\">die<\/span> <span class=\"s1\">unter<\/span> <span class=\"s1\">bestimmten<\/span> <span class=\"s1\">Lizenzen<\/span> <span class=\"s1\">genutzt<\/span> <span class=\"s1\">werden,<\/span> <span class=\"s5\">finden Sie nachfolgend detaillierte Angaben:<\/span><\/p><p class=\"p3\"><span class=\"s1\">Wir<\/span> <span class=\"s1\">bem\u00fchen<\/span> <span class=\"s1\">uns,<\/span> <span class=\"s1\">alle<\/span> <span class=\"s1\">Urheberrechte<\/span> <span class=\"s1\">und<\/span> <span class=\"s1\">Nutzungsbedingungen<\/span> <span class=\"s1\">zu<\/span> <span class=\"s1\">respektieren<\/span> <span class=\"s1\">und<\/span> <span class=\"s1\">korrekt<\/span> <span class=\"s1\">wiederzugeben.<\/span> <span class=\"s1\">Sollten<\/span> <span class=\"s1\">Sie<\/span> <span class=\"s1\">Fragen<\/span> <span class=\"s1\">oder<\/span> <span class=\"s1\">Bedenken<\/span> <span class=\"s1\">bez\u00fcglich<\/span> <span class=\"s1\">der<\/span> <span class=\"s1\">Bildrechte<\/span> <span class=\"s1\">auf<\/span> <span class=\"s1\">unserer<\/span> <span class=\"s1\">Website<\/span> <span class=\"s1\">haben,<\/span> <span class=\"s1\">kontaktieren<\/span> <span class=\"s1\">Sie<\/span> <span class=\"s1\">uns<\/span> <span class=\"s1\">bitte.<\/span><\/p><h3>HAFTUNGSAUSSCHLUSS<\/h3><p>Die Inhalte dieser Webseite wurden mit gr\u00f6\u00dftm\u00f6glicher Sorgfalt erstellt und beinhalten k\u00fcnstlich generierte Inhalte. Im Hinblick auf die technischen Eigenschaften der k\u00fcnstlichen Intelliganz kann keine Gew\u00e4hr f\u00fcr die Authentizit\u00e4t, Richtigkeit und Vollst\u00e4ndigkeit der zur Verf\u00fcgung gestellten Informationen \u00fcbernommen werden. Es wird auch keine Gew\u00e4hr f\u00fcr die Verf\u00fcgbarkeit oder den Betrieb der gegenst\u00e4ndlichen Website und ihrer Inhalte \u00fcbernommen. Jede Haftung f\u00fcr unmittelbare, mittelbare oder sonstige Sch\u00e4den, unabh\u00e4ngig von deren Ursachen, die aus der Benutzung oder Nichtverf\u00fcgbarkeit der Daten und Informationen dieser Website erwachsen, wird, soweit rechtlich zul\u00e4ssig, ausgeschlossen.<\/p><p>Diese Webseite enth\u00e4lt Links zu externen Websites. Auf den Inhalt dieser externen Webseiten haben wir keinerlei Einfluss. Deshalb k\u00f6nnen wir f\u00fcr diese fremden Inhalte auch keine Gew\u00e4hr \u00fcbernehmen. F\u00fcr die Inhalte der verlinkten Seiten ist stets der jeweilige Anbieter oder Betreiber der Seiten verantwortlich. Die verlinkten Seiten wurden zum Zeitpunkt der Verlinkung auf m\u00f6gliche Rechtsverst\u00f6\u00dfe \u00fcberpr\u00fcft. Rechtswidrige Inhalte waren zum Zeitpunkt der Verlinkung nicht erkennbar. Eine permanente inhaltliche Kontrolle der verlinkten Seiten ist jedoch ohne konkrete Anhaltspunkte einer Rechtsverletzung nicht zumutbar. Bei Bekanntwerden von Rechtsverletzungen werden wir derartige Links umgehend entfernen.<\/p>\t\t\t\t\t\t<\/div>\n\t\t\t\t<\/div>\n\t\t\t\t\t<\/div>\n\t\t<\/div>\n\t\t\t\t\t\t\t<\/div>\n\t\t<\/section>\n\t\t\t\t\t\t\t<\/div>\n\t\t","protected":false},"excerpt":{"rendered":"<p>MEDIENINHABER Der Blog AI AVENGERS wird im Rahmen des Studiengangs Online Media Marketing an der Donau Uni Krems von Studierenden betrieben. Die Lehrgangsleiterin ist Frau Drs. Nicola Oudejans. Die Inhalte dieses Webseite zum gro\u00dfen Teil mit Tools der k\u00fcnstlichen Intelligenz erstellt. Das Redaktionsteam des Blogs AI Avengers k\u00f6nnen Sie unter\u00a0ai.avengers90@gmail.com\u00a0erreichen. Anschrift des Blogs: Department f\u00fcr [&hellip;]<\/p>\n","protected":false},"author":5,"featured_media":0,"parent":0,"menu_order":0,"comment_status":"closed","ping_status":"closed","template":"","meta":{"_ti_tpc_template_sync":false,"_ti_tpc_template_id":"","footnotes":""},"class_list":["post-104","page","type-page","status-publish","hentry"],"yoast_head":"<!-- This site is optimized with the Yoast SEO plugin v20.10 - https:\/\/yoast.com\/wordpress\/plugins\/seo\/ -->\n<title>Impressum - AI AVENGERS<\/title>\n<meta name=\"robots\" content=\"index, follow, max-snippet:-1, max-image-preview:large, max-video-preview:-1\" \/>\n<link rel=\"canonical\" href=\"https:\/\/imbstudent.donau-uni.ac.at\/ai-avengers\/impressum\/\" \/>\n<meta property=\"og:locale\" content=\"de_DE\" \/>\n<meta property=\"og:type\" content=\"article\" \/>\n<meta property=\"og:title\" content=\"Impressum - AI AVENGERS\" \/>\n<meta property=\"og:description\" content=\"MEDIENINHABER Der Blog AI AVENGERS wird im Rahmen des Studiengangs Online Media Marketing an der Donau Uni Krems von Studierenden betrieben. Die Lehrgangsleiterin ist Frau Drs. Nicola Oudejans. Die Inhalte dieses Webseite zum gro\u00dfen Teil mit Tools der k\u00fcnstlichen Intelligenz erstellt. Das Redaktionsteam des Blogs AI Avengers k\u00f6nnen Sie unter\u00a0ai.avengers90@gmail.com\u00a0erreichen. Anschrift des Blogs: Department f\u00fcr [&hellip;]\" \/>\n<meta property=\"og:url\" content=\"https:\/\/imbstudent.donau-uni.ac.at\/ai-avengers\/impressum\/\" \/>\n<meta property=\"og:site_name\" content=\"AI AVENGERS\" \/>\n<meta property=\"article:modified_time\" content=\"2024-04-02T16:53:47+00:00\" \/>\n<meta name=\"twitter:card\" content=\"summary_large_image\" \/>\n<meta name=\"twitter:label1\" content=\"Gesch\u00e4tzte Lesezeit\" \/>\n\t<meta name=\"twitter:data1\" content=\"3 Minuten\" \/>\n<script type=\"application\/ld+json\" class=\"yoast-schema-graph\">{\"@context\":\"https:\/\/schema.org\",\"@graph\":[{\"@type\":\"WebPage\",\"@id\":\"https:\/\/imbstudent.donau-uni.ac.at\/ai-avengers\/impressum\/\",\"url\":\"https:\/\/imbstudent.donau-uni.ac.at\/ai-avengers\/impressum\/\",\"name\":\"Impressum - AI AVENGERS\",\"isPartOf\":{\"@id\":\"https:\/\/imbstudent.donau-uni.ac.at\/ai-avengers\/#website\"},\"datePublished\":\"2023-07-04T07:53:35+00:00\",\"dateModified\":\"2024-04-02T16:53:47+00:00\",\"breadcrumb\":{\"@id\":\"https:\/\/imbstudent.donau-uni.ac.at\/ai-avengers\/impressum\/#breadcrumb\"},\"inLanguage\":\"de-AT\",\"potentialAction\":[{\"@type\":\"ReadAction\",\"target\":[\"https:\/\/imbstudent.donau-uni.ac.at\/ai-avengers\/impressum\/\"]}]},{\"@type\":\"BreadcrumbList\",\"@id\":\"https:\/\/imbstudent.donau-uni.ac.at\/ai-avengers\/impressum\/#breadcrumb\",\"itemListElement\":[{\"@type\":\"ListItem\",\"position\":1,\"name\":\"Startseite\",\"item\":\"https:\/\/imbstudent.donau-uni.ac.at\/ai-avengers\/\"},{\"@type\":\"ListItem\",\"position\":2,\"name\":\"Impressum\"}]},{\"@type\":\"WebSite\",\"@id\":\"https:\/\/imbstudent.donau-uni.ac.at\/ai-avengers\/#website\",\"url\":\"https:\/\/imbstudent.donau-uni.ac.at\/ai-avengers\/\",\"name\":\"AI AVENGERS\",\"description\":\"Verwendung von k\u00fcnstlicher Intelligenz im Marketing\",\"publisher\":{\"@id\":\"https:\/\/imbstudent.donau-uni.ac.at\/ai-avengers\/#organization\"},\"potentialAction\":[{\"@type\":\"SearchAction\",\"target\":{\"@type\":\"EntryPoint\",\"urlTemplate\":\"https:\/\/imbstudent.donau-uni.ac.at\/ai-avengers\/?s={search_term_string}\"},\"query-input\":\"required name=search_term_string\"}],\"inLanguage\":\"de-AT\"},{\"@type\":\"Organization\",\"@id\":\"https:\/\/imbstudent.donau-uni.ac.at\/ai-avengers\/#organization\",\"name\":\"AI AVENGERS\",\"url\":\"https:\/\/imbstudent.donau-uni.ac.at\/ai-avengers\/\",\"logo\":{\"@type\":\"ImageObject\",\"inLanguage\":\"de-AT\",\"@id\":\"https:\/\/imbstudent.donau-uni.ac.at\/ai-avengers\/#\/schema\/logo\/image\/\",\"url\":\"https:\/\/imbstudent.donau-uni.ac.at\/ai-avengers\/wp-content\/uploads\/2023\/07\/Logo-AI-Avengers.jpg\",\"contentUrl\":\"https:\/\/imbstudent.donau-uni.ac.at\/ai-avengers\/wp-content\/uploads\/2023\/07\/Logo-AI-Avengers.jpg\",\"width\":1181,\"height\":343,\"caption\":\"AI AVENGERS\"},\"image\":{\"@id\":\"https:\/\/imbstudent.donau-uni.ac.at\/ai-avengers\/#\/schema\/logo\/image\/\"}}]}<\/script>\n<!-- \/ Yoast SEO plugin. -->","yoast_head_json":{"title":"Impressum - AI AVENGERS","robots":{"index":"index","follow":"follow","max-snippet":"max-snippet:-1","max-image-preview":"max-image-preview:large","max-video-preview":"max-video-preview:-1"},"canonical":"https:\/\/imbstudent.donau-uni.ac.at\/ai-avengers\/impressum\/","og_locale":"de_DE","og_type":"article","og_title":"Impressum - AI AVENGERS","og_description":"MEDIENINHABER Der Blog AI AVENGERS wird im Rahmen des Studiengangs Online Media Marketing an der Donau Uni Krems von Studierenden betrieben. Die Lehrgangsleiterin ist Frau Drs. Nicola Oudejans. Die Inhalte dieses Webseite zum gro\u00dfen Teil mit Tools der k\u00fcnstlichen Intelligenz erstellt. Das Redaktionsteam des Blogs AI Avengers k\u00f6nnen Sie unter\u00a0ai.avengers90@gmail.com\u00a0erreichen. Anschrift des Blogs: Department f\u00fcr [&hellip;]","og_url":"https:\/\/imbstudent.donau-uni.ac.at\/ai-avengers\/impressum\/","og_site_name":"AI AVENGERS","article_modified_time":"2024-04-02T16:53:47+00:00","twitter_card":"summary_large_image","twitter_misc":{"Gesch\u00e4tzte Lesezeit":"3 Minuten"},"schema":{"@context":"https:\/\/schema.org","@graph":[{"@type":"WebPage","@id":"https:\/\/imbstudent.donau-uni.ac.at\/ai-avengers\/impressum\/","url":"https:\/\/imbstudent.donau-uni.ac.at\/ai-avengers\/impressum\/","name":"Impressum - AI AVENGERS","isPartOf":{"@id":"https:\/\/imbstudent.donau-uni.ac.at\/ai-avengers\/#website"},"datePublished":"2023-07-04T07:53:35+00:00","dateModified":"2024-04-02T16:53:47+00:00","breadcrumb":{"@id":"https:\/\/imbstudent.donau-uni.ac.at\/ai-avengers\/impressum\/#breadcrumb"},"inLanguage":"de-AT","potentialAction":[{"@type":"ReadAction","target":["https:\/\/imbstudent.donau-uni.ac.at\/ai-avengers\/impressum\/"]}]},{"@type":"BreadcrumbList","@id":"https:\/\/imbstudent.donau-uni.ac.at\/ai-avengers\/impressum\/#breadcrumb","itemListElement":[{"@type":"ListItem","position":1,"name":"Startseite","item":"https:\/\/imbstudent.donau-uni.ac.at\/ai-avengers\/"},{"@type":"ListItem","position":2,"name":"Impressum"}]},{"@type":"WebSite","@id":"https:\/\/imbstudent.donau-uni.ac.at\/ai-avengers\/#website","url":"https:\/\/imbstudent.donau-uni.ac.at\/ai-avengers\/","name":"AI AVENGERS","description":"Verwendung von k\u00fcnstlicher Intelligenz im Marketing","publisher":{"@id":"https:\/\/imbstudent.donau-uni.ac.at\/ai-avengers\/#organization"},"potentialAction":[{"@type":"SearchAction","target":{"@type":"EntryPoint","urlTemplate":"https:\/\/imbstudent.donau-uni.ac.at\/ai-avengers\/?s={search_term_string}"},"query-input":"required name=search_term_string"}],"inLanguage":"de-AT"},{"@type":"Organization","@id":"https:\/\/imbstudent.donau-uni.ac.at\/ai-avengers\/#organization","name":"AI AVENGERS","url":"https:\/\/imbstudent.donau-uni.ac.at\/ai-avengers\/","logo":{"@type":"ImageObject","inLanguage":"de-AT","@id":"https:\/\/imbstudent.donau-uni.ac.at\/ai-avengers\/#\/schema\/logo\/image\/","url":"https:\/\/imbstudent.donau-uni.ac.at\/ai-avengers\/wp-content\/uploads\/2023\/07\/Logo-AI-Avengers.jpg","contentUrl":"https:\/\/imbstudent.donau-uni.ac.at\/ai-avengers\/wp-content\/uploads\/2023\/07\/Logo-AI-Avengers.jpg","width":1181,"height":343,"caption":"AI AVENGERS"},"image":{"@id":"https:\/\/imbstudent.donau-uni.ac.at\/ai-avengers\/#\/schema\/logo\/image\/"}}]}},"_links":{"self":[{"href":"https:\/\/imbstudent.donau-uni.ac.at\/ai-avengers\/wp-json\/wp\/v2\/pages\/104","targetHints":{"allow":["GET"]}}],"collection":[{"href":"https:\/\/imbstudent.donau-uni.ac.at\/ai-avengers\/wp-json\/wp\/v2\/pages"}],"about":[{"href":"https:\/\/imbstudent.donau-uni.ac.at\/ai-avengers\/wp-json\/wp\/v2\/types\/page"}],"author":[{"embeddable":true,"href":"https:\/\/imbstudent.donau-uni.ac.at\/ai-avengers\/wp-json\/wp\/v2\/users\/5"}],"replies":[{"embeddable":true,"href":"https:\/\/imbstudent.donau-uni.ac.at\/ai-avengers\/wp-json\/wp\/v2\/comments?post=104"}],"version-history":[{"count":18,"href":"https:\/\/imbstudent.donau-uni.ac.at\/ai-avengers\/wp-json\/wp\/v2\/pages\/104\/revisions"}],"predecessor-version":[{"id":972,"href":"https:\/\/imbstudent.donau-uni.ac.at\/ai-avengers\/wp-json\/wp\/v2\/pages\/104\/revisions\/972"}],"wp:attachment":[{"href":"https:\/\/imbstudent.donau-uni.ac.at\/ai-avengers\/wp-json\/wp\/v2\/media?parent=104"}],"curies":[{"name":"wp","href":"https:\/\/api.w.org\/{rel}","templated":true}]}}